{"id":12712,"date":"2026-02-09T15:07:32","date_gmt":"2026-02-09T12:07:32","guid":{"rendered":"https:\/\/biorol.com\/?page_id=12712"},"modified":"2026-02-10T15:02:32","modified_gmt":"2026-02-10T12:02:32","slug":"allgemeine-lieferbedingungen","status":"publish","type":"page","link":"https:\/\/biorol.com\/de\/allgemeine-lieferbedingungen\/","title":{"rendered":"Allgemeine Lieferbedingungen"},"content":{"rendered":"<div class=\"fusion-fullwidth fullwidth-box fusion-builder-row-1 fusion-flex-container nonhundred-percent-fullwidth non-hundred-percent-height-scrolling\" style=\"--awb-border-radius-top-left:0px;--awb-border-radius-top-right:0px;--awb-border-radius-bottom-right:0px;--awb-border-radius-bottom-left:0px;--awb-flex-wrap:wrap;\" ><div class=\"fusion-builder-row fusion-row fusion-flex-align-items-flex-start fusion-flex-content-wrap\" style=\"max-width:1331.2px;margin-left: calc(-4% \/ 2 );margin-right: calc(-4% \/ 2 );\"><div class=\"fusion-layout-column fusion_builder_column fusion-builder-column-0 fusion_builder_column_1_1 1_1 fusion-flex-column\" style=\"--awb-bg-blend:overlay;--awb-bg-size:cover;--awb-width-large:100%;--awb-margin-top-large:0px;--awb-spacing-right-large:1.92%;--awb-margin-bottom-large:0px;--awb-spacing-left-large:1.92%;--awb-width-medium:100%;--awb-spacing-right-medium:1.92%;--awb-spacing-left-medium:1.92%;--awb-width-small:100%;--awb-spacing-right-small:1.92%;--awb-spacing-left-small:1.92%;\"><div class=\"fusion-column-wrapper fusion-flex-justify-content-flex-start fusion-content-layout-column\"><div class=\"fusion-text fusion-text-1\"><h2>Allgemeinen Lieferbedingungen<\/h2>\n<p>Die nachstehenden Allgemeinen Lieferbedingungen (nachfolgend die \u201eLieferbedingungen\u201c) regeln ausschlie\u00dflich jede Bestellung, jeden Vertrag oder sonstige Gesch\u00e4ftsbeziehung, die von der Firma BIOROL S.A. (nachfolgend \u201eBIOROL\u201c) geschlossen wird, sofern zwischen den Vertragsparteien nicht ausdr\u00fccklich und schriftlich etwas anderes vereinbart wurde.<\/p>\n<p><strong>1. Allgemeine Bestimmungen<\/strong><br \/>\nDie Lieferungen von BIOROL unterliegen ausschlie\u00dflich diesen Lieferbedingungen, die gegen\u00fcber entgegenstehenden oder abweichenden Angeboten, Bedingungen oder Regelungen des Kunden Vorrang haben. Die Abgabe einer Bestellung durch den Kunden gilt als Nachweis vollst\u00e4ndiger Kenntnis, vorbehaltloser Zustimmung und ausdr\u00fccklicher Einbeziehung dieser Lieferbedingungen in das Vertragsverh\u00e4ltnis.<br \/>\nAllgemeine oder besondere Bedingungen des Kunden, die von diesen Lieferbedingungen abweichen oder ihnen widersprechen, binden BIOROL nicht und gelten automatisch als unwirksam und nichtig, sofern sie nicht zuvor ausdr\u00fccklich schriftlich von beiden Parteien genehmigt und unterzeichnet wurden.<br \/>\nDiese Lieferbedingungen gelten f\u00fcr alle bestehenden und zuk\u00fcnftigen Lieferungen an den Kunden und bleiben in voller Kraft, bis sie durch neue oder \u00fcberarbeitete Lieferbedingungen von BIOROL ersetzt werden, die dem Kunden bekannt gegeben werden.<\/p>\n<p><strong>2. Bestellung \u2013 Vertrags-abschluss und -annahme<\/strong><br \/>\nDie Bestellung des Kunden stellt ein Angebot zum Vertragsabschluss dar und muss eine vollst\u00e4ndige, genaue und klare Beschreibung aller technischen Merkmale, Spezifikationen, Eigenschaften sowie etwaiger besonderer Anforderungen der Produkte enthalten. Bei unvollst\u00e4ndigen oder unklaren Angaben ist BIOROL berechtigt, die Bestellung gem\u00e4\u00df dem jeweils g\u00fcltigen Produktionsstandard auszuf\u00fchren, ohne dass dem Kunden hieraus Anspr\u00fcche entstehen.<br \/>\nTechnische Eigenschaften oder besondere Verwendungszwecke, die nicht ausdr\u00fccklich und schriftlich bei der Finalisierung der Bestellung angegeben wurden, sind f\u00fcr BIOROL nicht bindend; entsprechende Beanstandungen sind ausgeschlossen.<br \/>\nDer Vertrag kommt ausschlie\u00dflich durch die schriftliche Auftragsbest\u00e4tigung von BIOROL zustande. Der Kunde ist verpflichtet, diese ordnungsgem\u00e4\u00df unterzeichnet und gestempelt zur\u00fcckzusenden. \u00c4nderungen oder Erg\u00e4nzungen sind nur wirksam, wenn sie ausdr\u00fccklich schriftlich von beiden Parteien vereinbart wurden.<br \/>\nBei Stornierung nach Auftragsbest\u00e4tigung oder bei vom Kunden verschuldeter Nichterf\u00fcllung ist BIOROL berechtigt, eine Vertragsstrafe von mindestens zehn Prozent (10 %) des Gesamtauftragswertes oder einen h\u00f6heren Betrag entsprechend dem Produktionsstand und dem entstandenen Schaden zu verlangen.<\/p>\n<p><strong>3. Preis \u2013 Zahlungsbedingungen<\/strong><br \/>\nPreis, Zahlungsweise und Zahlungsbedingungen ergeben sich vollst\u00e4ndig aus dem endg\u00fcltigen Angebot und\/oder der Proformarechnung nach Auftragsbest\u00e4tigung.<br \/>\nBIOROL kann eine Kreditversicherung vorsehen. Die endg\u00fcltige Zahlungsweise wird nach Genehmigung durch die Kreditversicherung festgelegt. Wird keine ausreichende Deckung gew\u00e4hrt, sind gesicherte Zahlungsformen (Vorauszahlung, Bankgarantie usw.) anzuwenden.<br \/>\nVersicherungsschutz stellt keine Kreditgew\u00e4hrung dar.<br \/>\nRechnungen sind verbindlich; Zahlungsbedingungen sind wesentliche Vertragspflichten und strikt einzuhalten.<\/p>\n<p><strong>4. Lieferzeiten<\/strong><br \/>\nDie Lieferzeit bezeichnet den Zeitraum zur Vorbereitung der Bestellung zur Verladung ab Eingang der unterzeichneten Best\u00e4tigung, Preisannahme und ggf. Vorauszahlung bei BIOROL. Angegebene Zeiten sind unverbindlich. Eine begr\u00fcndete Verz\u00f6gerung begr\u00fcndet keinen Anspruch auf Schadensersatz, R\u00fccktritt oder Vertragsk\u00fcndigung, sofern nichts anderes schriftlich vereinbart wurde.<\/p>\n<p><strong>5. Lieferort \u2013 Gefahr\u00fcbergang<\/strong><br \/>\nDie Lieferung erfolgt ausschlie\u00dflich an den Gesch\u00e4ftsr\u00e4umen von BIOROL, sofern nicht schriftlich anders vereinbart.<br \/>\nDie Lieferfrist gilt mit schriftlicher Mitteilung \u00fcber die Verf\u00fcgbarkeit der Ware als eingehalten.<br \/>\nUnabh\u00e4ngig von den Versandbedingungen \u2013 auch bei DDP \u2013 erfolgt der Transport stets auf Risiko des Kunden. Die Gefahr geht mit \u00dcbergabe an den ersten Frachtf\u00fchrer \u00fcber.<br \/>\nEntladung und Handhabung erfolgen ausschlie\u00dflich mit Mitteln und Personal des Kunden gem\u00e4\u00df handels\u00fcblicher Praxis.<\/p>\n<p><strong>6. Pr\u00fcfung \u2013 M\u00e4ngelanzeige<\/strong><br \/>\nDer Kunde hat die Ware bei Erhalt zu pr\u00fcfen und Sch\u00e4den innerhalb von zwei (2) Tagen schriftlich dem Frachtf\u00fchrer und BIOROL zu melden, andernfalls erl\u00f6schen Anspr\u00fcche.<br \/>\nErkannte sichtbare oder versteckte M\u00e4ngel sind innerhalb von acht (8) Tagen schriftlich mitzuteilen. Andernfalls gilt die Ware als akzeptiert. Unbegr\u00fcndete Meldungen k\u00f6nnen kostenpflichtig sein.<br \/>\nBei fehlenden oder mangelhaften Produkten beschr\u00e4nkt sich BIOROLs Haftung auf Ersatzlieferung ohne weitere Anspr\u00fcche. Die Meldung muss sp\u00e4testens acht Tage nach Installation und sp\u00e4testens sechzig (60) Tage nach Erhalt erfolgen.<\/p>\n<p><strong>7. Gew\u00e4hrleistung \u2013 Haftungsbeschr\u00e4nkung<\/strong><br \/>\nDie Gew\u00e4hrleistung gilt zwei (2) Jahre ab Rechnungsdatum. BIOROL haftet ausschlie\u00dflich durch Ersatz mangelhafter Produkte. Weitere Anspr\u00fcche sind ausgeschlossen. Sch\u00e4den durch Fehlgebrauch oder Transport sind nicht gedeckt.<\/p>\n<p><strong>8. Anwendbares Recht \u2013 Gerichtsstand<\/strong><br \/>\nEs gilt ausschlie\u00dflich griechisches Recht. Zust\u00e4ndig sind ausschlie\u00dflich die Gerichte von Katerini.<\/p>\n<p><strong>9. Datenschutz<\/strong><br \/>\nDie Verarbeitung erfolgt gem\u00e4\u00df DSGVO ausschlie\u00dflich zu Vertragszwecken. Verantwortlicher: BIOROL.<\/p>\n<p><strong>10. Schlussbestimmungen<\/strong><br \/>\nAlle Bedingungen gelten als individuell ausgehandelt. Die Unwirksamkeit einzelner Klauseln ber\u00fchrt nicht die \u00fcbrigen. Der Kunde best\u00e4tigt Kenntnis und Zustimmung.<\/p>\n<p><strong>11. Sprache<\/strong><br \/>\nDiese Lieferbedingungen wurden in griechischer Sprache erstellt und ins Englische, Italienische und Deutsche \u00fcbersetzt. Bei Abweichungen gilt stets die griechische Fassung.<\/p>\n<\/div><div style=\"text-align:left;\"><a class=\"fusion-button button-flat fusion-button-default-size button-default fusion-button-default button-1 fusion-button-span-no fusion-button-default-type\" style=\"--button-border-radius-top-left:10px;--button-border-radius-top-right:10px;--button-border-radius-bottom-right:10px;--button-border-radius-bottom-left:10px;\" target=\"_blank\" rel=\"noopener noreferrer\" href=\"https:\/\/biorol.com\/wp-content\/uploads\/2026\/02\/BIOROL_TERMS_CONDITIONS_SUPPLY_DE.pdf\"><span class=\"fusion-button-text awb-button__text awb-button__text--default\">DOWNLOAD AS PDF<\/span><\/a><\/div><\/div><\/div><\/div><\/div>\n","protected":false},"excerpt":{"rendered":"","protected":false},"author":4,"featured_media":0,"parent":0,"menu_order":0,"comment_status":"closed","ping_status":"closed","template":"","meta":{"footnotes":""},"class_list":["post-12712","page","type-page","status-publish","hentry"],"_links":{"self":[{"href":"https:\/\/biorol.com\/de\/wp-json\/wp\/v2\/pages\/12712","targetHints":{"allow":["GET"]}}],"collection":[{"href":"https:\/\/biorol.com\/de\/wp-json\/wp\/v2\/pages"}],"about":[{"href":"https:\/\/biorol.com\/de\/wp-json\/wp\/v2\/types\/page"}],"author":[{"embeddable":true,"href":"https:\/\/biorol.com\/de\/wp-json\/wp\/v2\/users\/4"}],"replies":[{"embeddable":true,"href":"https:\/\/biorol.com\/de\/wp-json\/wp\/v2\/comments?post=12712"}],"version-history":[{"count":2,"href":"https:\/\/biorol.com\/de\/wp-json\/wp\/v2\/pages\/12712\/revisions"}],"predecessor-version":[{"id":12718,"href":"https:\/\/biorol.com\/de\/wp-json\/wp\/v2\/pages\/12712\/revisions\/12718"}],"wp:attachment":[{"href":"https:\/\/biorol.com\/de\/wp-json\/wp\/v2\/media?parent=12712"}],"curies":[{"name":"wp","href":"https:\/\/api.w.org\/{rel}","templated":true}]}}