{"id":6010,"date":"2023-07-06T16:21:40","date_gmt":"2023-07-06T13:21:40","guid":{"rendered":"http:\/\/beta.biorol.com\/folding-gate\/"},"modified":"2023-09-12T10:16:19","modified_gmt":"2023-09-12T07:16:19","slug":"scherengitter","status":"publish","type":"page","link":"https:\/\/biorol.com\/de\/produkte\/heimsicherheit\/scherengitter\/","title":{"rendered":"Scherengitter"},"content":{"rendered":"<div class=\"fusion-fullwidth fullwidth-box fusion-builder-row-1 fusion-flex-container has-pattern-background has-mask-background nonhundred-percent-fullwidth non-hundred-percent-height-scrolling\" style=\"--awb-border-radius-top-left:0px;--awb-border-radius-top-right:0px;--awb-border-radius-bottom-right:0px;--awb-border-radius-bottom-left:0px;--awb-flex-wrap:wrap;\" ><div class=\"fusion-builder-row fusion-row fusion-flex-align-items-flex-start fusion-flex-content-wrap\" style=\"max-width:1331.2px;margin-left: calc(-4% \/ 2 );margin-right: calc(-4% \/ 2 );\"><div class=\"fusion-layout-column fusion_builder_column fusion-builder-column-0 fusion_builder_column_2_3 2_3 fusion-flex-column\" style=\"--awb-bg-size:cover;--awb-width-large:66.666666666667%;--awb-margin-top-large:10px;--awb-spacing-right-large:2.88%;--awb-margin-bottom-large:10px;--awb-spacing-left-large:2.88%;--awb-width-medium:100%;--awb-order-medium:0;--awb-spacing-right-medium:1.92%;--awb-spacing-left-medium:1.92%;--awb-width-small:100%;--awb-order-small:0;--awb-spacing-right-small:1.92%;--awb-spacing-left-small:1.92%;\"><div class=\"fusion-column-wrapper fusion-column-has-shadow fusion-flex-justify-content-flex-start fusion-content-layout-column\"><div class=\"fusion-title title fusion-title-1 fusion-sep-none fusion-title-center fusion-title-text fusion-title-size-two\" style=\"--awb-margin-bottom:-10px;--awb-margin-top-small:10px;--awb-margin-right-small:0px;--awb-margin-bottom-small:20px;--awb-margin-left-small:0px;\"><h2 class=\"fusion-title-heading title-heading-center fusion-responsive-typography-calculated\" style=\"margin:0;text-transform:capitalize;--fontSize:34;line-height:var(--awb-typography1-line-height);\">Scherengitter<\/h2><\/div><div class=\"fusion-title title fusion-title-2 fusion-sep-none fusion-title-center fusion-title-text fusion-title-size-three\" style=\"--awb-margin-top-small:10px;--awb-margin-right-small:0px;--awb-margin-bottom-small:20px;--awb-margin-left-small:0px;\"><h3 class=\"fusion-title-heading title-heading-center fusion-responsive-typography-calculated\" style=\"margin:0;text-transform:capitalize;--fontSize:24;line-height:var(--awb-typography1-line-height);\">Schick &#038; Sicher<\/h3><\/div><div class=\"fusion-separator\" style=\"align-self: center;margin-left: auto;margin-right: auto;margin-bottom:15px;width:100%;max-width:60px;\"><div class=\"fusion-separator-border sep-single sep-solid\" style=\"--awb-height:20px;--awb-amount:20px;--awb-sep-color:#c4161c;border-color:#c4161c;border-top-width:5px;\"><\/div><\/div><div class=\"fusion-image-element \" style=\"text-align:center;--awb-caption-title-font-family:var(--h2_typography-font-family);--awb-caption-title-font-weight:var(--h2_typography-font-weight);--awb-caption-title-font-style:var(--h2_typography-font-style);--awb-caption-title-size:var(--h2_typography-font-size);--awb-caption-title-transform:var(--h2_typography-text-transform);--awb-caption-title-line-height:var(--h2_typography-line-height);--awb-caption-title-letter-spacing:var(--h2_typography-letter-spacing);\"><span class=\" fusion-imageframe imageframe-none imageframe-1 hover-type-none fusion-animated\" data-animationType=\"fadeInUp\" data-animationDuration=\"2.8\" data-animationDelay=\"0.1\" data-animationOffset=\"top-into-view\"><img decoding=\"async\" width=\"1060\" height=\"1267\" title=\"Folding-Gate\" src=\"https:\/\/biorol.com\/wp-content\/uploads\/2023\/07\/Folding-Gate.jpg\" data-orig-src=\"https:\/\/biorol.com\/wp-content\/uploads\/2023\/07\/Folding-Gate.jpg\" class=\"lazyload img-responsive wp-image-3142\" srcset=\"data:image\/svg+xml,%3Csvg%20xmlns%3D%27http%3A%2F%2Fwww.w3.org%2F2000%2Fsvg%27%20width%3D%271060%27%20height%3D%271267%27%20viewBox%3D%270%200%201060%201267%27%3E%3Crect%20width%3D%271060%27%20height%3D%271267%27%20fill-opacity%3D%220%22%2F%3E%3C%2Fsvg%3E\" data-srcset=\"https:\/\/biorol.com\/wp-content\/uploads\/2023\/07\/Folding-Gate-200x239.jpg 200w, https:\/\/biorol.com\/wp-content\/uploads\/2023\/07\/Folding-Gate-400x478.jpg 400w, https:\/\/biorol.com\/wp-content\/uploads\/2023\/07\/Folding-Gate-600x717.jpg 600w, https:\/\/biorol.com\/wp-content\/uploads\/2023\/07\/Folding-Gate-800x956.jpg 800w, https:\/\/biorol.com\/wp-content\/uploads\/2023\/07\/Folding-Gate.jpg 1060w\" data-sizes=\"auto\" data-orig-sizes=\"(max-width: 1024px) 100vw, (max-width: 640px) 100vw, 1060px\" data-orig- alt=\"\"><\/span><\/div><div class=\"fusion-title title fusion-title-3 fusion-sep-none fusion-title-center fusion-title-text fusion-title-size-three\" style=\"--awb-margin-bottom:-10px;--awb-margin-top-small:10px;--awb-margin-right-small:0px;--awb-margin-bottom-small:20px;--awb-margin-left-small:0px;\"><h3 class=\"fusion-title-heading title-heading-center fusion-responsive-typography-calculated\" style=\"margin:0;text-transform:capitalize;--fontSize:24;line-height:var(--awb-typography1-line-height);\">Einfl\u00fcgelig, Zweifl\u00fcgelig, 180\u00b0 schwenkbar<\/h3><\/div><div class=\"fusion-text fusion-text-1\" style=\"--awb-margin-top:20px;--awb-margin-right:60PX;--awb-margin-left:60PX;\"><p>Scherengitter, oder auch Sicherheitsschiebegitter, k\u00f6nnen an T\u00fcren und Fenstern montiert und in jeder gew\u00fcnschten Gr\u00f6\u00dfe gefertigt werden. Voll ausgestattet mit Nieten und Schrauben (nahtlos ohne Schwei\u00dfn\u00e4hte) f\u00fcr eine h\u00f6here Korrosionsbest\u00e4ndigkeit. Verzinkt oder lackiert in 27 Standard-RAL-T\u00f6nen. Alle Beschl\u00e4ge bestehen aus verzinktem Stahl. Nylon-Kugellager und Nylon-Abstandshalter sorgen f\u00fcr einen ger\u00e4uscharmen Betrieb des Schiebegitters. Der Rahmen ist so konstruiert, dass das Schloss von au\u00dfen nicht aufzubrechen ist (eingebautes Schloss bietet mehr Sicherheit).<\/p>\n<\/div><div class=\"fusion-title title fusion-title-4 fusion-sep-none fusion-title-text fusion-title-size-four\" style=\"--awb-margin-left:60PX;--awb-margin-top-small:10px;--awb-margin-right-small:0px;--awb-margin-bottom-small:20px;--awb-margin-left-small:0px;\"><h4 class=\"fusion-title-heading title-heading-left fusion-responsive-typography-calculated\" style=\"margin:0;text-transform:capitalize;--fontSize:18;--minFontSize:18;line-height:var(--awb-typography1-line-height);\">8 gute Gr\u00fcnde f\u00fcr ein Scherengitter &#8230;<\/h4><\/div><ul style=\"--awb-item-padding-left:60px;--awb-line-height:23.8px;--awb-icon-width:23.8px;--awb-icon-height:23.8px;--awb-icon-margin:9.8px;--awb-content-margin:33.6px;\" class=\"fusion-checklist fusion-checklist-1 fusion-checklist-default type-icons\"><li class=\"fusion-li-item\" style=\"\"><span class=\"icon-wrapper circle-no\"><i class=\"fusion-li-icon awb-icon-check\" aria-hidden=\"true\"><\/i><\/span><div class=\"fusion-li-item-content\">3 mm dicker galvanisierter Stahl<\/div><\/li><li class=\"fusion-li-item\" style=\"\"><span class=\"icon-wrapper circle-no\"><i class=\"fusion-li-icon awb-icon-check\" aria-hidden=\"true\"><\/i><\/span><div class=\"fusion-li-item-content\">1,5mm oder 1,25mm dicke, vertikale Stangen<\/div><\/li><li class=\"fusion-li-item\" style=\"\"><span class=\"icon-wrapper circle-no\"><i class=\"fusion-li-icon awb-icon-check\" aria-hidden=\"true\"><\/i><\/span><div class=\"fusion-li-item-content\">Ywischenteflon f\u00fcr ger\u00e4uscharmen Betrieb<\/div><\/li><li class=\"fusion-li-item\" style=\"\"><span class=\"icon-wrapper circle-no\"><i class=\"fusion-li-icon awb-icon-check\" aria-hidden=\"true\"><\/i><\/span><div class=\"fusion-li-item-content\">M\u00f6glichkeit der kompletten \u00d6ffnung (180\u00b0-schwenkbar)<\/div><\/li><li class=\"fusion-li-item\" style=\"\"><span class=\"icon-wrapper circle-no\"><i class=\"fusion-li-icon awb-icon-check\" aria-hidden=\"true\"><\/i><\/span><div class=\"fusion-li-item-content\">Einbauschloss f\u00fcr mehr Sicherheit<\/div><\/li><li class=\"fusion-li-item\" style=\"\"><span class=\"icon-wrapper circle-no\"><i class=\"fusion-li-icon awb-icon-check\" aria-hidden=\"true\"><\/i><\/span><div class=\"fusion-li-item-content\">Vollverzinkte, reibungslose Konstruktion<\/div><\/li><li class=\"fusion-li-item\" style=\"\"><span class=\"icon-wrapper circle-no\"><i class=\"fusion-li-icon awb-icon-check\" aria-hidden=\"true\"><\/i><\/span><div class=\"fusion-li-item-content\">Gro\u00dfe Auswahl von RAL-Pulverschicht-Farben<\/div><\/li><li class=\"fusion-li-item\" style=\"\"><span class=\"icon-wrapper circle-no\"><i class=\"fusion-li-icon awb-icon-check\" aria-hidden=\"true\"><\/i><\/span><div class=\"fusion-li-item-content\">Abnehmbare Klemmenf\u00fchrung<\/div><\/li><li class=\"fusion-li-item\" style=\"\"><span class=\"icon-wrapper circle-no\"><i class=\"fusion-li-icon awb-icon-check\" aria-hidden=\"true\"><\/i><\/span><div class=\"fusion-li-item-content\">Korrosionsbest\u00e4ndig<\/div><\/li><li class=\"fusion-li-item\" style=\"\"><span class=\"icon-wrapper circle-no\"><i class=\"fusion-li-icon awb-icon-check\" aria-hidden=\"true\"><\/i><\/span><div class=\"fusion-li-item-content\">Minimale Wartung<\/div><\/li><\/ul><\/div><\/div><div class=\"fusion-layout-column fusion_builder_column fusion-builder-column-1 fusion_builder_column_1_4 1_4 fusion-flex-column fusion-flex-align-self-flex-start\" style=\"--awb-bg-size:cover;--awb-width-large:25%;--awb-margin-top-large:-10px;--awb-spacing-right-large:7.68%;--awb-margin-bottom-large:10px;--awb-spacing-left-large:7.68%;--awb-width-medium:100%;--awb-order-medium:0;--awb-spacing-right-medium:1.92%;--awb-spacing-left-medium:1.92%;--awb-width-small:100%;--awb-order-small:0;--awb-spacing-right-small:1.92%;--awb-spacing-left-small:1.92%;\"><div class=\"fusion-column-wrapper fusion-column-has-shadow fusion-flex-justify-content-flex-start fusion-content-layout-column\"><div class=\"fusion-title title fusion-title-5 fusion-sep-none fusion-title-text fusion-title-size-three\" style=\"--awb-margin-top:45px;--awb-margin-top-small:10px;--awb-margin-right-small:0px;--awb-margin-bottom-small:20px;--awb-margin-left-small:0px;\"><h3 class=\"fusion-title-heading title-heading-left fusion-responsive-typography-calculated\" style=\"margin:0;text-transform:capitalize;--fontSize:24;line-height:var(--awb-typography1-line-height);\">Brochures<\/h3><\/div><div class=\"fusion-separator\" style=\"align-self: flex-start;margin-right:auto;flex-grow:4;margin-top:-15px;margin-bottom:10px;width:100%;max-width:50px;\"><div class=\"fusion-separator-border sep-single sep-solid\" style=\"--awb-height:20px;--awb-amount:20px;--awb-sep-color:#c4161c;border-color:#c4161c;border-top-width:5px;\"><\/div><\/div><div ><a class=\"fusion-button button-flat fusion-button-default-size button-custom fusion-button-default button-1 fusion-button-default-span fusion-button-default-type\" style=\"--button_accent_color:var(--awb-color8);--button_border_color:var(--awb-color3);--button_accent_hover_color:var(--awb-color1);--button_border_hover_color:var(--awb-color1);--button_border_width-top:1px;--button_border_width-right:1px;--button_border_width-bottom:1px;--button_border_width-left:1px;--button-border-radius-top-left:10px;--button-border-radius-top-right:10px;--button-border-radius-bottom-right:10px;--button-border-radius-bottom-left:10px;--button_gradient_top_color:var(--awb-color1);--button_gradient_bottom_color:var(--awb-color1);--button_gradient_top_color_hover:var(--awb-color5);--button_gradient_bottom_color_hover:var(--awb-color5);--button_margin-bottom:10px;width:calc(100%);\" target=\"_self\" href=\"https:\/\/biorol.com\/de\/products\/home-safety\/folding-gate\/folding-gate-brochure\/\"><span class=\"fusion-button-text awb-button__text awb-button__text--default\">BROSCH\u00dcRE<\/span><\/a><\/div><div ><a class=\"fusion-button button-flat fusion-button-default-size button-custom fusion-button-default button-2 fusion-button-default-span fusion-button-default-type\" style=\"--button_accent_color:var(--awb-color8);--button_border_color:var(--awb-color3);--button_accent_hover_color:var(--awb-color1);--button_border_hover_color:var(--awb-color1);--button_border_width-top:1px;--button_border_width-right:1px;--button_border_width-bottom:1px;--button_border_width-left:1px;--button-border-radius-top-left:10px;--button-border-radius-top-right:10px;--button-border-radius-bottom-right:10px;--button-border-radius-bottom-left:10px;--button_gradient_top_color:var(--awb-color1);--button_gradient_bottom_color:var(--awb-color1);--button_gradient_top_color_hover:var(--awb-color5);--button_gradient_bottom_color_hover:var(--awb-color5);--button_margin-bottom:10px;width:calc(100%);\" target=\"_self\" href=\"https:\/\/biorol.com\/de\/products\/home-safety\/folding-gate\/folding-gate-brochure-installation\/\"><span class=\"fusion-button-text awb-button__text awb-button__text--default\">INSTALLATION<\/span><\/a><\/div><div ><a class=\"fusion-button button-flat fusion-button-default-size button-custom fusion-button-default button-3 fusion-button-default-span fusion-button-default-type\" style=\"--button_accent_color:var(--awb-color8);--button_border_color:var(--awb-color3);--button_accent_hover_color:var(--awb-color1);--button_border_hover_color:var(--awb-color1);--button_border_width-top:1px;--button_border_width-right:1px;--button_border_width-bottom:1px;--button_border_width-left:1px;--button-border-radius-top-left:10px;--button-border-radius-top-right:10px;--button-border-radius-bottom-right:10px;--button-border-radius-bottom-left:10px;--button_gradient_top_color:var(--awb-color1);--button_gradient_bottom_color:var(--awb-color1);--button_gradient_top_color_hover:var(--awb-color5);--button_gradient_bottom_color_hover:var(--awb-color5);--button_margin-bottom:10px;width:calc(100%);\" target=\"_self\" href=\"https:\/\/biorol.com\/de\/folding-gate\/folding-gate-certification\/\"><span class=\"fusion-button-text awb-button__text awb-button__text--default\">ZERTIFIKATE<\/span><\/a><\/div><\/div><\/div>\n<\/div><\/div>\n","protected":false},"excerpt":{"rendered":"","protected":false},"author":4,"featured_media":0,"parent":6061,"menu_order":0,"comment_status":"closed","ping_status":"closed","template":"","meta":{"footnotes":""},"class_list":["post-6010","page","type-page","status-publish","hentry"],"_links":{"self":[{"href":"https:\/\/biorol.com\/de\/wp-json\/wp\/v2\/pages\/6010","targetHints":{"allow":["GET"]}}],"collection":[{"href":"https:\/\/biorol.com\/de\/wp-json\/wp\/v2\/pages"}],"about":[{"href":"https:\/\/biorol.com\/de\/wp-json\/wp\/v2\/types\/page"}],"author":[{"embeddable":true,"href":"https:\/\/biorol.com\/de\/wp-json\/wp\/v2\/users\/4"}],"replies":[{"embeddable":true,"href":"https:\/\/biorol.com\/de\/wp-json\/wp\/v2\/comments?post=6010"}],"version-history":[{"count":0,"href":"https:\/\/biorol.com\/de\/wp-json\/wp\/v2\/pages\/6010\/revisions"}],"up":[{"embeddable":true,"href":"https:\/\/biorol.com\/de\/wp-json\/wp\/v2\/pages\/6061"}],"wp:attachment":[{"href":"https:\/\/biorol.com\/de\/wp-json\/wp\/v2\/media?parent=6010"}],"curies":[{"name":"wp","href":"https:\/\/api.w.org\/{rel}","templated":true}]}}