{"id":6068,"date":"2023-07-05T13:44:57","date_gmt":"2023-07-05T10:44:57","guid":{"rendered":"http:\/\/beta.biorol.com\/products\/rolling-shutters\/residential-rolling-shutter\/"},"modified":"2024-12-04T14:02:01","modified_gmt":"2024-12-04T11:02:01","slug":"rolltore_wohngebaeude","status":"publish","type":"page","link":"https:\/\/biorol.com\/de\/produkte\/rolltore\/rolltore_wohngebaeude\/","title":{"rendered":"Rolltore f\u00fcr Wohngeb\u00e4ude"},"content":{"rendered":"<div class=\"fusion-fullwidth fullwidth-box fusion-builder-row-1 fusion-flex-container has-pattern-background has-mask-background nonhundred-percent-fullwidth non-hundred-percent-height-scrolling\" style=\"--awb-border-radius-top-left:0px;--awb-border-radius-top-right:0px;--awb-border-radius-bottom-right:0px;--awb-border-radius-bottom-left:0px;--awb-flex-wrap:wrap;\" ><div class=\"fusion-builder-row fusion-row fusion-flex-align-items-flex-start fusion-flex-content-wrap\" style=\"max-width:1331.2px;margin-left: calc(-4% \/ 2 );margin-right: calc(-4% \/ 2 );\"><div class=\"fusion-layout-column fusion_builder_column fusion-builder-column-0 fusion_builder_column_2_3 2_3 fusion-flex-column\" style=\"--awb-bg-size:cover;--awb-width-large:66.666666666667%;--awb-margin-top-large:10px;--awb-spacing-right-large:2.88%;--awb-margin-bottom-large:10px;--awb-spacing-left-large:2.88%;--awb-width-medium:100%;--awb-order-medium:0;--awb-spacing-right-medium:1.92%;--awb-spacing-left-medium:1.92%;--awb-width-small:100%;--awb-order-small:0;--awb-spacing-right-small:1.92%;--awb-spacing-left-small:1.92%;\"><div class=\"fusion-column-wrapper fusion-column-has-shadow fusion-flex-justify-content-flex-start fusion-content-layout-column\"><div class=\"fusion-title title fusion-title-1 fusion-sep-none fusion-title-text fusion-title-size-two\" style=\"--awb-margin-bottom:-10px;--awb-margin-top-small:10px;--awb-margin-right-small:0px;--awb-margin-bottom-small:20px;--awb-margin-left-small:0px;\"><h2 class=\"fusion-title-heading title-heading-left fusion-responsive-typography-calculated\" style=\"margin:0;text-transform:capitalize;--fontSize:34;line-height:var(--awb-typography1-line-height);\"><p style=\"text-align: center;\">ROLLTORE<\/p><\/h2><\/div><div class=\"fusion-separator\" style=\"align-self: center;margin-left: auto;margin-right: auto;margin-top:20px;margin-bottom:15px;width:100%;max-width:60px;\"><div class=\"fusion-separator-border sep-single sep-solid\" style=\"--awb-height:20px;--awb-amount:20px;--awb-sep-color:#c4161c;border-color:#c4161c;border-top-width:5px;\"><\/div><\/div><div class=\"fusion-image-element \" style=\"text-align:center;--awb-caption-title-font-family:var(--h2_typography-font-family);--awb-caption-title-font-weight:var(--h2_typography-font-weight);--awb-caption-title-font-style:var(--h2_typography-font-style);--awb-caption-title-size:var(--h2_typography-font-size);--awb-caption-title-transform:var(--h2_typography-text-transform);--awb-caption-title-line-height:var(--h2_typography-line-height);--awb-caption-title-letter-spacing:var(--h2_typography-letter-spacing);\"><span class=\" fusion-imageframe imageframe-none imageframe-1 hover-type-none fusion-animated\" data-animationType=\"fadeInUp\" data-animationDuration=\"2.8\" data-animationDelay=\"0.1\" data-animationOffset=\"top-into-view\"><img decoding=\"async\" width=\"710\" height=\"575\" title=\"RESIDENTIA-ROLLING-SHUTTER\" src=\"https:\/\/biorol.com\/wp-content\/uploads\/2023\/07\/RESIDENTIA-ROLLING-SHUTTER.jpg\" data-orig-src=\"https:\/\/biorol.com\/wp-content\/uploads\/2023\/07\/RESIDENTIA-ROLLING-SHUTTER.jpg\" class=\"lazyload img-responsive wp-image-2826\" srcset=\"data:image\/svg+xml,%3Csvg%20xmlns%3D%27http%3A%2F%2Fwww.w3.org%2F2000%2Fsvg%27%20width%3D%27710%27%20height%3D%27575%27%20viewBox%3D%270%200%20710%20575%27%3E%3Crect%20width%3D%27710%27%20height%3D%27575%27%20fill-opacity%3D%220%22%2F%3E%3C%2Fsvg%3E\" data-srcset=\"https:\/\/biorol.com\/wp-content\/uploads\/2023\/07\/RESIDENTIA-ROLLING-SHUTTER-200x162.jpg 200w, https:\/\/biorol.com\/wp-content\/uploads\/2023\/07\/RESIDENTIA-ROLLING-SHUTTER-400x324.jpg 400w, https:\/\/biorol.com\/wp-content\/uploads\/2023\/07\/RESIDENTIA-ROLLING-SHUTTER-600x486.jpg 600w, https:\/\/biorol.com\/wp-content\/uploads\/2023\/07\/RESIDENTIA-ROLLING-SHUTTER.jpg 710w\" data-sizes=\"auto\" data-orig-sizes=\"(max-width: 1024px) 100vw, (max-width: 640px) 100vw, 710px\" data-orig- alt=\"\"><\/span><\/div><div class=\"fusion-text fusion-text-1\" style=\"--awb-margin-top:20px;--awb-margin-right:60PX;--awb-margin-left:60PX;\"><p>F\u00fcr die Herstellung unserer Rolltore f\u00fcr den Einsatz an Wohn- und Gesch\u00e4ftsgebauden verwenden wir bei BIOROL SA nur hochwertige und langlebige Materialien. Mit einer gro\u00dfen Auswahl an kleinen und gro\u00dfen Fenstern, Bel\u00fcftungsm\u00f6glichkeiten und vielen Farben erhalten Sie ein vollst\u00e4ndig individuelles Produkt, welches perfekt zu Ihrem Geb\u00e4ude passt.Unser Ziel ist es, alle Vorteile wie zum Beispiel Sicherheit und Isolierung von W\u00e4rme und Schall in einem Produkt zu vereinen und ein modernen Rolltor zu bauen, welches auch im Laufe der Zeit den Belastungen stand h\u00e4lt.Die doppelwandigen, isolierten Profile werden entweder aus galvanisiertem Stahl oder Aluminium hergestellt.Letztendlich ist es uns gelungen, Funktionalit\u00e4t und Design in einem Produkt zu vereinen.<\/p>\n<\/div><\/div><\/div><div class=\"fusion-layout-column fusion_builder_column fusion-builder-column-1 fusion_builder_column_1_4 1_4 fusion-flex-column fusion-flex-align-self-flex-start\" style=\"--awb-bg-size:cover;--awb-width-large:25%;--awb-margin-top-large:-10px;--awb-spacing-right-large:7.68%;--awb-margin-bottom-large:10px;--awb-spacing-left-large:7.68%;--awb-width-medium:100%;--awb-order-medium:0;--awb-spacing-right-medium:1.92%;--awb-spacing-left-medium:1.92%;--awb-width-small:100%;--awb-order-small:0;--awb-spacing-right-small:1.92%;--awb-spacing-left-small:1.92%;\"><div class=\"fusion-column-wrapper fusion-column-has-shadow fusion-flex-justify-content-flex-start fusion-content-layout-column\"><div class=\"fusion-title title fusion-title-2 fusion-sep-none fusion-title-text fusion-title-size-three\" style=\"--awb-margin-top:45px;--awb-margin-top-small:10px;--awb-margin-right-small:0px;--awb-margin-bottom-small:20px;--awb-margin-left-small:0px;\"><h3 class=\"fusion-title-heading title-heading-left fusion-responsive-typography-calculated\" style=\"margin:0;text-transform:capitalize;--fontSize:24;line-height:var(--awb-typography1-line-height);\">Brochures<\/h3><\/div><div class=\"fusion-separator\" style=\"align-self: flex-start;margin-right:auto;flex-grow:4;margin-top:-15px;margin-bottom:10px;width:100%;max-width:50px;\"><div class=\"fusion-separator-border sep-single sep-solid\" style=\"--awb-height:20px;--awb-amount:20px;--awb-sep-color:#c4161c;border-color:#c4161c;border-top-width:5px;\"><\/div><\/div><div ><a class=\"fusion-button button-flat fusion-button-default-size button-custom fusion-button-default button-1 fusion-button-default-span fusion-button-default-type\" style=\"--button_accent_color:var(--awb-color8);--button_border_color:var(--awb-color3);--button_accent_hover_color:var(--awb-color1);--button_border_hover_color:var(--awb-color1);--button_border_width-top:1px;--button_border_width-right:1px;--button_border_width-bottom:1px;--button_border_width-left:0px;--button-border-radius-top-left:10px;--button-border-radius-top-right:10px;--button-border-radius-bottom-right:10px;--button-border-radius-bottom-left:10px;--button_gradient_top_color:var(--awb-color1);--button_gradient_bottom_color:var(--awb-color1);--button_gradient_top_color_hover:var(--awb-color5);--button_gradient_bottom_color_hover:var(--awb-color5);--button_margin-bottom:10px;width:calc(100%);\" target=\"_self\" href=\"https:\/\/biorol.com\/de\/produkte\/rolltore\/rolltore_wohngebaeude\/residential-rolling-shutter-brochures\/\"><span class=\"fusion-button-text awb-button__text awb-button__text--default\">BROSCH\u00dcRE<\/span><\/a><\/div><div ><a class=\"fusion-button button-flat fusion-button-default-size button-custom fusion-button-default button-2 fusion-button-default-span fusion-button-default-type\" style=\"--button_accent_color:var(--awb-color8);--button_border_color:var(--awb-color3);--button_accent_hover_color:var(--awb-color1);--button_border_hover_color:var(--awb-color1);--button_border_width-top:1px;--button_border_width-right:1px;--button_border_width-bottom:1px;--button_border_width-left:1px;--button-border-radius-top-left:10px;--button-border-radius-top-right:10px;--button-border-radius-bottom-right:10px;--button-border-radius-bottom-left:10px;--button_gradient_top_color:var(--awb-color1);--button_gradient_bottom_color:var(--awb-color1);--button_gradient_top_color_hover:var(--awb-color5);--button_gradient_bottom_color_hover:var(--awb-color5);--button_margin-bottom:10px;width:calc(100%);\" target=\"_self\" href=\"https:\/\/biorol.com\/de\/produkte\/rolltore\/rolltore_wohngebaeude\/residential-rolling-shutter-brochures-catalog\/\"><span class=\"fusion-button-text awb-button__text awb-button__text--default\">KATALOG<\/span><\/a><\/div><div ><a class=\"fusion-button button-flat fusion-button-default-size button-custom fusion-button-default button-3 fusion-button-default-span fusion-button-default-type\" style=\"--button_accent_color:var(--awb-color8);--button_border_color:var(--awb-color3);--button_accent_hover_color:var(--awb-color1);--button_border_hover_color:var(--awb-color1);--button_border_width-top:1px;--button_border_width-right:1px;--button_border_width-bottom:1px;--button_border_width-left:1px;--button-border-radius-top-left:10px;--button-border-radius-top-right:10px;--button-border-radius-bottom-right:10px;--button-border-radius-bottom-left:10px;--button_gradient_top_color:var(--awb-color1);--button_gradient_bottom_color:var(--awb-color1);--button_gradient_top_color_hover:var(--awb-color5);--button_gradient_bottom_color_hover:var(--awb-color5);--button_margin-bottom:10px;width:calc(100%);\" target=\"_self\" href=\"https:\/\/biorol.com\/de\/produkte\/rolltore\/rolltore_wohngebaeude\/residential-rolling-shutter-brochures-installation\/\"><span class=\"fusion-button-text awb-button__text awb-button__text--default\">INSTALLATION<\/span><\/a><\/div><div ><a class=\"fusion-button button-flat fusion-button-default-size button-custom fusion-button-default button-4 fusion-button-default-span fusion-button-default-type\" style=\"--button_accent_color:var(--awb-color8);--button_border_color:var(--awb-color3);--button_accent_hover_color:var(--awb-color1);--button_border_hover_color:var(--awb-color1);--button_border_width-top:1px;--button_border_width-right:1px;--button_border_width-bottom:1px;--button_border_width-left:1px;--button-border-radius-top-left:10px;--button-border-radius-top-right:10px;--button-border-radius-bottom-right:10px;--button-border-radius-bottom-left:10px;--button_gradient_top_color:var(--awb-color1);--button_gradient_bottom_color:var(--awb-color1);--button_gradient_top_color_hover:var(--awb-color5);--button_gradient_bottom_color_hover:var(--awb-color5);--button_margin-bottom:10px;width:calc(100%);\" target=\"_self\" href=\"https:\/\/biorol.com\/de\/produkte\/rolltore\/rolltore_wohngebaeude\/residential-rolling-shutter-brochures-certification\/\"><span class=\"fusion-button-text awb-button__text awb-button__text--default\">ZERTIFIKATE<\/span><\/a><\/div><div ><a class=\"fusion-button button-flat fusion-button-default-size button-custom fusion-button-default button-5 fusion-button-default-span fusion-button-default-type\" style=\"--button_accent_color:var(--awb-color8);--button_border_color:var(--awb-color3);--button_accent_hover_color:var(--awb-color1);--button_border_hover_color:var(--awb-color1);--button_border_width-top:1px;--button_border_width-right:1px;--button_border_width-bottom:1px;--button_border_width-left:1px;--button-border-radius-top-left:10px;--button-border-radius-top-right:10px;--button-border-radius-bottom-right:10px;--button-border-radius-bottom-left:10px;--button_gradient_top_color:var(--awb-color1);--button_gradient_bottom_color:var(--awb-color1);--button_gradient_top_color_hover:var(--awb-color5);--button_gradient_bottom_color_hover:var(--awb-color5);--button_margin-bottom:10px;width:calc(100%);\" target=\"_self\" href=\"https:\/\/biorol.com\/de\/produkte\/rolltore\/rolltore_wohngebaeude\/residential-rolling-shutter-brochures-maintenance\/\"><span class=\"fusion-button-text awb-button__text awb-button__text--default\">WARTUNG<\/span><\/a><\/div><\/div><\/div>\n<\/div><\/div>\n","protected":false},"excerpt":{"rendered":"","protected":false},"author":4,"featured_media":0,"parent":6064,"menu_order":0,"comment_status":"closed","ping_status":"closed","template":"","meta":{"footnotes":""},"class_list":["post-6068","page","type-page","status-publish","hentry"],"_links":{"self":[{"href":"https:\/\/biorol.com\/de\/wp-json\/wp\/v2\/pages\/6068","targetHints":{"allow":["GET"]}}],"collection":[{"href":"https:\/\/biorol.com\/de\/wp-json\/wp\/v2\/pages"}],"about":[{"href":"https:\/\/biorol.com\/de\/wp-json\/wp\/v2\/types\/page"}],"author":[{"embeddable":true,"href":"https:\/\/biorol.com\/de\/wp-json\/wp\/v2\/users\/4"}],"replies":[{"embeddable":true,"href":"https:\/\/biorol.com\/de\/wp-json\/wp\/v2\/comments?post=6068"}],"version-history":[{"count":0,"href":"https:\/\/biorol.com\/de\/wp-json\/wp\/v2\/pages\/6068\/revisions"}],"up":[{"embeddable":true,"href":"https:\/\/biorol.com\/de\/wp-json\/wp\/v2\/pages\/6064"}],"wp:attachment":[{"href":"https:\/\/biorol.com\/de\/wp-json\/wp\/v2\/media?parent=6068"}],"curies":[{"name":"wp","href":"https:\/\/api.w.org\/{rel}","templated":true}]}}