{"id":6086,"date":"2023-07-06T15:28:59","date_gmt":"2023-07-06T12:28:59","guid":{"rendered":"http:\/\/beta.biorol.com\/products\/sectional-doors\/flexiprint\/"},"modified":"2025-03-14T14:38:48","modified_gmt":"2025-03-14T11:38:48","slug":"flexiprint","status":"publish","type":"page","link":"https:\/\/biorol.com\/de\/produkte\/sektionaltore\/flexiprint\/","title":{"rendered":"FLEXIPRINT"},"content":{"rendered":"<p><div class=\"fusion-fullwidth fullwidth-box fusion-builder-row-1 fusion-flex-container has-pattern-background has-mask-background nonhundred-percent-fullwidth non-hundred-percent-height-scrolling\" style=\"--awb-border-radius-top-left:0px;--awb-border-radius-top-right:0px;--awb-border-radius-bottom-right:0px;--awb-border-radius-bottom-left:0px;--awb-flex-wrap:wrap;\" ><div class=\"fusion-builder-row fusion-row fusion-flex-align-items-flex-start fusion-flex-content-wrap\" style=\"max-width:1331.2px;margin-left: calc(-4% \/ 2 );margin-right: calc(-4% \/ 2 );\"><div class=\"fusion-layout-column fusion_builder_column fusion-builder-column-0 fusion_builder_column_1_1 1_1 fusion-flex-column\" style=\"--awb-bg-size:cover;--awb-width-large:100%;--awb-margin-top-large:-6%;--awb-spacing-right-large:1.92%;--awb-margin-bottom-large:10px;--awb-spacing-left-large:1.92%;--awb-width-medium:100%;--awb-order-medium:0;--awb-spacing-right-medium:1.92%;--awb-spacing-left-medium:1.92%;--awb-width-small:100%;--awb-order-small:0;--awb-spacing-right-small:1.92%;--awb-spacing-left-small:1.92%;\" data-scroll-devices=\"small-visibility,medium-visibility,large-visibility\"><div class=\"fusion-column-wrapper fusion-column-has-shadow fusion-flex-justify-content-flex-start fusion-content-layout-column\"><div class=\"fusion-title title fusion-title-1 fusion-sep-none fusion-title-center fusion-title-text fusion-title-size-one\" style=\"--awb-margin-top-small:10px;--awb-margin-right-small:0px;--awb-margin-bottom-small:20px;--awb-margin-left-small:0px;\"><h1 class=\"fusion-title-heading title-heading-center fusion-responsive-typography-calculated\" style=\"margin:0;text-transform:capitalize;--fontSize:50;line-height:var(--awb-typography1-line-height);\"><h2 class=\"special-heading\" style=\"text-align: center;\">Bedruckte Sektionaltore via<\/h2><\/h1><\/div><div class=\"fusion-image-element \" style=\"text-align:center;--awb-caption-title-font-family:var(--h2_typography-font-family);--awb-caption-title-font-weight:var(--h2_typography-font-weight);--awb-caption-title-font-style:var(--h2_typography-font-style);--awb-caption-title-size:var(--h2_typography-font-size);--awb-caption-title-transform:var(--h2_typography-text-transform);--awb-caption-title-line-height:var(--h2_typography-line-height);--awb-caption-title-letter-spacing:var(--h2_typography-letter-spacing);\"><span class=\" fusion-imageframe imageframe-none imageframe-1 hover-type-none\"><img decoding=\"async\" width=\"300\" height=\"58\" title=\"FLEXIPRINT-2023-black-w300-300&#215;58\" src=\"https:\/\/biorol.com\/wp-content\/uploads\/2023\/07\/FLEXIPRINT-2023-black-w300-300x58-1.png\" data-orig-src=\"https:\/\/biorol.com\/wp-content\/uploads\/2023\/07\/FLEXIPRINT-2023-black-w300-300x58-1.png\" class=\"lazyload img-responsive wp-image-3057\" srcset=\"data:image\/svg+xml,%3Csvg%20xmlns%3D%27http%3A%2F%2Fwww.w3.org%2F2000%2Fsvg%27%20width%3D%27300%27%20height%3D%2758%27%20viewBox%3D%270%200%20300%2058%27%3E%3Crect%20width%3D%27300%27%20height%3D%2758%27%20fill-opacity%3D%220%22%2F%3E%3C%2Fsvg%3E\" data-srcset=\"https:\/\/biorol.com\/wp-content\/uploads\/2023\/07\/FLEXIPRINT-2023-black-w300-300x58-1-200x39.png 200w, https:\/\/biorol.com\/wp-content\/uploads\/2023\/07\/FLEXIPRINT-2023-black-w300-300x58-1.png 300w\" data-sizes=\"auto\" data-orig-sizes=\"(max-width: 1024px) 100vw, (max-width: 640px) 100vw, 300px\" data-orig- alt=\"\"><\/span><\/div><div class=\"fusion-separator\" style=\"align-self: center;margin-left: auto;margin-right: auto;margin-top:3%;margin-bottom:3%;width:100%;max-width:60px;\"><div class=\"fusion-separator-border sep-single sep-solid\" style=\"--awb-height:20px;--awb-amount:20px;--awb-sep-color:var(--awb-color4);border-color:var(--awb-color4);border-top-width:5px;\"><\/div><\/div><div class=\"fusion-text fusion-text-1\"><p style=\"text-align: center;\">Verwandeln Sie Ihr Sektionaltor in einen Eyecatcher mit <strong>FLEXIPRINT<\/strong> von BIOROL! Mit unseren hochwertigen Drucken k\u00f6nnen Sie Ihr Tor ganz nach Ihrem Stil gestalten. W\u00e4hlen Sie aus \u00fcber 30 Texturen und Mustern, darunter Holzfurniere, Steinmauern, rostige Metalle und mehr. Mit <strong>FLEXIPRINT<\/strong> setzen Sie ein Statement und unterstreichen Ihren individuellen Stil. Erhalten Sie den Look, den Sie sich w\u00fcnschen \u2013 schnell und einfach mit den bedruckten Sektionaltoren von BIOROL!<\/p>\n<\/div><\/div><\/div><div class=\"fusion-layout-column fusion_builder_column fusion-builder-column-1 fusion_builder_column_1_1 1_1 fusion-flex-column\" style=\"--awb-bg-size:cover;--awb-width-large:100%;--awb-margin-top-large:10px;--awb-spacing-right-large:1.92%;--awb-margin-bottom-large:10px;--awb-spacing-left-large:1.92%;--awb-width-medium:100%;--awb-order-medium:0;--awb-spacing-right-medium:1.92%;--awb-spacing-left-medium:1.92%;--awb-width-small:100%;--awb-order-small:0;--awb-spacing-right-small:1.92%;--awb-spacing-left-small:1.92%;\"><div class=\"fusion-column-wrapper fusion-column-has-shadow fusion-flex-justify-content-flex-start fusion-content-layout-column\"><div class=\"fusion-text fusion-text-2\" style=\"--awb-margin-top:0px;\"><h3 style=\"text-align: center;\"><strong>FLEXIPRINT<\/strong> in Action<\/h3>\n<p style=\"text-align: center;\">Dieses Video bietet einen detaillierten Einblick in den <strong>FLEXIPRINT<\/strong>-Produktionsprozess und zeigt die Pr\u00e4zision des UV-Drucks sowie die Anwendung unseres fortschrittlichen Anti-Graffiti-Lacks. Au\u00dferdem sehen Sie eine Live-Demonstration der Widerstandsf\u00e4higkeit von <strong>FLEXIPRINT<\/strong>, bei der Graffiti m\u00fchelos entfernt werden \u2013 ein Beweis f\u00fcr den \u00fcberlegenen Schutz vor Vandalismus und Abnutzung.<\/p>\n<\/div><div class=\"fusion-text fusion-text-3\"><div class=\"responsive-video-wrapper\"><iframe title=\"YouTube video player\" src=\"https:\/\/www.youtube.com\/embed\/VKoRAG_O8zM?autoplay=1&amp;mute=1&amp;rel=0\" frameborder=\"0\" allowfullscreen=\"allowfullscreen\"><\/iframe><\/div>\n<\/div><div class=\"fusion-text fusion-text-4\" style=\"--awb-margin-top:3%;\"><h3 style=\"text-align: center;\">Un\u00fcbertroffener Anti-Graffiti Schutz<\/h3>\n<p style=\"text-align: center;\">Einer der gr\u00f6\u00dften Vorteile der FLEXIPRINT-Sektionaltore ist ihr au\u00dfergew\u00f6hnlicher Anti-Graffiti-Schutz. Dank eines speziell formulierten Lacks, der nach dem Druck aufgetragen wird, k\u00f6nnen Graffitis m\u00fchelos entfernt werden \u2013 selbst nach 24 Stunden \u2013 ohne Spuren oder Sch\u00e4den auf der Oberfl\u00e4che zu hinterlassen. Diese fortschrittliche Beschichtung bietet einen langlebigen Schutzschild, der Kratzern, L\u00f6sungsmitteln und \u00e4u\u00dferen Einfl\u00fcssen widersteht und daf\u00fcr sorgt, dass Ihr Sektionaltor \u00fcber Jahre hinweg makellos bleibt.<\/p>\n<\/div><div class=\"fusion-image-before-after-wrapper fusion-image-before-after-horizontal type-before-after hover-type-together fusion-image-before-after-wrapper-1\" style=\"--awb-handle-color:#ffffff;--awb-font-size:14px;--awb-accent-color:#ffffff;--awb-bordersize:0px;--awb-handle-bg:rgba(19,21,22,0.4);--awb-accent-color-bg:rgba(255,255,255,0.15);--awb-transition-time:0.5s;\"><div class=\"fusion-image-before-after-element fusion-image-before-after fusion-image-before-after-container fusion-image-before-after-1\" data-offset=\"0.5\" data-orientation=\"horizontal\" data-move-with-handle-only=\"true\" data-click-to-move=\"true\"><img decoding=\"async\" alt=\"FLEXIPRINT - printed sectional doors with anti graffiti\" class=\"fusion-image-before-after-before lazyload\" src=\"data:image\/svg+xml,%3Csvg%20xmlns%3D%27http%3A%2F%2Fwww.w3.org%2F2000%2Fsvg%27%20width%3D%271920%27%20height%3D%271080%27%20viewBox%3D%270%200%201920%201080%27%3E%3Crect%20width%3D%271920%27%20height%3D%271080%27%20fill-opacity%3D%220%22%2F%3E%3C%2Fsvg%3E\" width=\"1920\" height=\"1080\" data-orig-src=\"https:\/\/biorol.com\/wp-content\/uploads\/2025\/03\/RAW-MATERIAL-011321.00_02_44_03.Standbild007web.jpg\" title=\"\"><img decoding=\"async\" alt=\"FLEXIPRINT - printed sectional doors with anti graffiti\" class=\"fusion-image-before-after-after lazyload\" src=\"data:image\/svg+xml,%3Csvg%20xmlns%3D%27http%3A%2F%2Fwww.w3.org%2F2000%2Fsvg%27%20width%3D%271920%27%20height%3D%271080%27%20viewBox%3D%270%200%201920%201080%27%3E%3Crect%20width%3D%271920%27%20height%3D%271080%27%20fill-opacity%3D%220%22%2F%3E%3C%2Fsvg%3E\" width=\"1920\" height=\"1080\" data-orig-src=\"https:\/\/biorol.com\/wp-content\/uploads\/2025\/03\/RAW-MATERIAL-011321.00_04_01_10.Standbild011web.jpg\" title=\"\"><div class=\"fusion-image-before-after-overlay before-after-overlay-image-centered\"><div class=\"fusion-image-before-after-before-label\" data-content=\"AFTER\"><\/div><div class=\"fusion-image-before-after-after-label\" data-content=\"BEFORE\"><\/div><\/div><div class=\"fusion-image-before-after-handle fusion-image-before-after-handle-square\"><span class=\"fusion-image-before-after-left-arrow\"><\/span><span class=\"fusion-image-before-after-right-arrow\"><\/span><\/div><\/div><\/div><\/div><\/div><\/div><\/div><div class=\"fusion-fullwidth fullwidth-box fusion-builder-row-2 fusion-flex-container has-pattern-background has-mask-background nonhundred-percent-fullwidth non-hundred-percent-height-scrolling\" style=\"--awb-border-radius-top-left:0px;--awb-border-radius-top-right:0px;--awb-border-radius-bottom-right:0px;--awb-border-radius-bottom-left:0px;--awb-flex-wrap:wrap;\" ><div class=\"fusion-builder-row fusion-row fusion-flex-align-items-flex-start fusion-flex-content-wrap\" style=\"max-width:1331.2px;margin-left: calc(-4% \/ 2 );margin-right: calc(-4% \/ 2 );\"><div class=\"fusion-layout-column fusion_builder_column fusion-builder-column-2 fusion_builder_column_1_1 1_1 fusion-flex-column\" style=\"--awb-bg-size:cover;--awb-width-large:100%;--awb-margin-top-large:6%;--awb-spacing-right-large:1.92%;--awb-margin-bottom-large:10px;--awb-spacing-left-large:1.92%;--awb-width-medium:100%;--awb-order-medium:0;--awb-spacing-right-medium:1.92%;--awb-spacing-left-medium:1.92%;--awb-width-small:100%;--awb-order-small:0;--awb-spacing-right-small:1.92%;--awb-spacing-left-small:1.92%;\" data-scroll-devices=\"small-visibility,medium-visibility,large-visibility\"><div class=\"fusion-column-wrapper fusion-column-has-shadow fusion-flex-justify-content-flex-start fusion-content-layout-column\"><div class=\"fusion-text fusion-text-5\"><h4 class=\"fusion-responsive-typography-calculated\" style=\"text-align: left; --fontsize: 18; line-height: 1.15; --minfontsize: 18;\" data-fontsize=\"18\" data-lineheight=\"20.7px\">Fortschrittlicher UV-Druck f\u00fcr h\u00f6chste Qualit\u00e4t<\/h4>\n<p style=\"text-align: left;\"><strong>FLEXIPRINT<\/strong>-Tore werden mit modernster UV-Drucktechnologie hergestellt, die hochaufl\u00f6sende, detailreiche Drucke mit beeindruckender Klarheit liefert. UV-geh\u00e4rtete Tinten sind speziell f\u00fcr den Au\u00dfeneinsatz entwickelt und bieten Best\u00e4ndigkeit gegen Sonnenlicht, Verblassen und raue Witterungsbedingungen. Dadurch ist <strong>FLEXIPRINT<\/strong> die ideale Wahl f\u00fcr alle, die ein langlebiges und stilvolles Sektionaltor suchen, das seine lebendigen Farben \u00fcber lange Zeit bewahrt.<\/p>\n<h4 class=\"fusion-responsive-typography-calculated\" style=\"text-align: left; --fontsize: 18; line-height: 1.15; --minfontsize: 18;\" data-fontsize=\"18\" data-lineheight=\"20.7px\">Langlebigkeit trifft auf \u00c4sthetik<\/h4>\n<p style=\"text-align: left;\">Zus\u00e4tzlich zu seinen funktionalen Vorteilen durch den standardm\u00e4ssig verwendeten Schutzlack bietet <strong>FLEXIPRINT<\/strong> eine gro\u00dfe Auswahl an Texturen und Mustern \u2013 von warmen Holzt\u00f6nen \u00fcber raue Industrie-Metalloberfl\u00e4chen bis hin zu edlen Marmoreffekten. Das im Video gezeigte Sektionaltor ist mit der Textur <strong>MARBLE, LIGHT \u2013 01<\/strong> bedruckt und demonstriert die anspruchsvolle, hochwertige \u00c4sthetik, die mit <strong>FLEXIPRINT<\/strong> m\u00f6glich ist. Entdecken Sie die gesamte Auswahl an Designs in unserem <a href=\"https:\/\/biorol.com\/de\/produkte\/sektionaltore\/flexiprint\/#FLEXI-catalog-DE\"><strong>FLEXIPRINT<\/strong> Katalog.<\/a><\/p>\n<h4 class=\"fusion-responsive-typography-calculated\" style=\"text-align: left; --fontsize: 18; line-height: 1.15; --minfontsize: 18;\" data-fontsize=\"18\" data-lineheight=\"20.7px\">M\u00fchelose Reinigung &amp; Wartung<\/h4>\n<p style=\"text-align: left;\">Die Pflege eines <strong>FLEXIPRINT<\/strong>-Sektionaltores ist unkompliziert. Der sch\u00fctzende Lack sorgt daf\u00fcr, dass Schmutz, Graffiti oder Flecken m\u00fchelos mit herk\u00f6mmlichen Reinigungs- bzw. L\u00f6sungsmitteln entfernt werden k\u00f6nnen, ohne die bedruckte Oberfl\u00e4che zu besch\u00e4digen. Diese hohe Widerstandsf\u00e4higkeit reduziert Wartungskosten und verl\u00e4ngert die Lebensdauer des Tores, was es zu einer sinnvollen Investition f\u00fcr Hausbesitzer und Unternehmen macht.<\/p>\n<h4 class=\"fusion-responsive-typography-calculated\" style=\"text-align: left; --fontsize: 18; line-height: 1.15; --minfontsize: 18;\" data-fontsize=\"18\" data-lineheight=\"20.7px\">Hergestellt in Griechenland \u2013 Exzellente Qualit\u00e4t<\/h4>\n<p style=\"text-align: left;\"><strong>FLEXIPRINT<\/strong> ist ein Premium-Produkt von BIOROL, einem f\u00fchrenden Hersteller, der f\u00fcr innovative und hochwertige Sektionaltore bekannt ist. In Griechenland hergestellt, sind <strong>FLEXIPRINT<\/strong>-Tore darauf ausgelegt, die h\u00f6chsten Standards in Bezug auf Haltbarkeit, Leistung und Designexzellenz zu erf\u00fcllen. Ob f\u00fcr Wohngaragen, Industrieanlagen oder Gewerbeimmobilien \u2013 die bedruckten Tore bieten eine perfekte Kombination aus \u00c4sthetik und Funktionalit\u00e4t.<\/p>\n<\/div><\/div><\/div><\/div><\/div><div id=\"FLEXI-catalog-DE\" class=\"fusion-container-anchor\"><div class=\"fusion-fullwidth fullwidth-box fusion-builder-row-3 fusion-flex-container has-pattern-background has-mask-background nonhundred-percent-fullwidth non-hundred-percent-height-scrolling\" style=\"--awb-border-radius-top-left:0px;--awb-border-radius-top-right:0px;--awb-border-radius-bottom-right:0px;--awb-border-radius-bottom-left:0px;--awb-flex-wrap:wrap;\" ><div class=\"fusion-builder-row fusion-row fusion-flex-align-items-flex-start fusion-flex-content-wrap\" style=\"max-width:1331.2px;margin-left: calc(-4% \/ 2 );margin-right: calc(-4% \/ 2 );\"><div class=\"fusion-layout-column fusion_builder_column fusion-builder-column-3 fusion_builder_column_1_1 1_1 fusion-flex-column\" style=\"--awb-bg-size:cover;--awb-width-large:100%;--awb-margin-top-large:10px;--awb-spacing-right-large:1.92%;--awb-margin-bottom-large:10px;--awb-spacing-left-large:1.92%;--awb-width-medium:100%;--awb-order-medium:0;--awb-spacing-right-medium:1.92%;--awb-spacing-left-medium:1.92%;--awb-width-small:100%;--awb-order-small:0;--awb-spacing-right-small:1.92%;--awb-spacing-left-small:1.92%;\"><div class=\"fusion-column-wrapper fusion-column-has-shadow fusion-flex-justify-content-flex-start fusion-content-layout-column\"><div class=\"fusion-title title fusion-title-2 fusion-sep-none fusion-title-center fusion-title-text fusion-title-size-two\" style=\"--awb-margin-top-small:10px;--awb-margin-right-small:0px;--awb-margin-bottom-small:20px;--awb-margin-left-small:0px;\"><h2 class=\"fusion-title-heading title-heading-center fusion-responsive-typography-calculated\" style=\"margin:0;text-transform:capitalize;--fontSize:34;line-height:var(--awb-typography1-line-height);\"><h3>FLEXIPRINT &#8211; Texturen Katalog<br \/>\nhier ansehen &amp; herunterladen!<\/h3><\/h2><\/div><div class=\"fusion-text fusion-text-6\"><div class=\"_df_book df-lite\" id=\"df_3069\"  _slug=\"flexiprint\" data-title=\"flexiprint\" wpoptions=\"true\" thumbtype=\"\" ><\/div><script class=\"df-shortcode-script\" nowprocket type=\"application\/javascript\">window.option_df_3069 = {\"outline\":[],\"autoEnableOutline\":\"false\",\"autoEnableThumbnail\":\"false\",\"overwritePDFOutline\":\"false\",\"direction\":\"1\",\"pageSize\":\"0\",\"source\":\"https:\\\/\\\/biorol.com\\\/wp-content\\\/uploads\\\/2025\\\/12\\\/BIOROL-DOOR-PRINTS-BROCHURE-2025-EN-vers.01.10.25-web.pdf\",\"wpOptions\":\"true\"}; if(window.DFLIP && window.DFLIP.parseBooks){window.DFLIP.parseBooks();}<\/script>\n<\/div><\/div><\/div><\/div><\/div><\/div><\/p>\n","protected":false},"excerpt":{"rendered":"","protected":false},"author":4,"featured_media":0,"parent":6076,"menu_order":0,"comment_status":"closed","ping_status":"closed","template":"","meta":{"footnotes":""},"class_list":["post-6086","page","type-page","status-publish","hentry"],"_links":{"self":[{"href":"https:\/\/biorol.com\/de\/wp-json\/wp\/v2\/pages\/6086","targetHints":{"allow":["GET"]}}],"collection":[{"href":"https:\/\/biorol.com\/de\/wp-json\/wp\/v2\/pages"}],"about":[{"href":"https:\/\/biorol.com\/de\/wp-json\/wp\/v2\/types\/page"}],"author":[{"embeddable":true,"href":"https:\/\/biorol.com\/de\/wp-json\/wp\/v2\/users\/4"}],"replies":[{"embeddable":true,"href":"https:\/\/biorol.com\/de\/wp-json\/wp\/v2\/comments?post=6086"}],"version-history":[{"count":0,"href":"https:\/\/biorol.com\/de\/wp-json\/wp\/v2\/pages\/6086\/revisions"}],"up":[{"embeddable":true,"href":"https:\/\/biorol.com\/de\/wp-json\/wp\/v2\/pages\/6076"}],"wp:attachment":[{"href":"https:\/\/biorol.com\/de\/wp-json\/wp\/v2\/media?parent=6086"}],"curies":[{"name":"wp","href":"https:\/\/api.w.org\/{rel}","templated":true}]}}