{"id":6066,"date":"2023-07-05T15:48:34","date_gmt":"2023-07-05T12:48:34","guid":{"rendered":"http:\/\/beta.biorol.com\/products\/rolling-shutters\/"},"modified":"2025-03-26T16:17:52","modified_gmt":"2025-03-26T13:17:52","slug":"serrande","status":"publish","type":"page","link":"https:\/\/biorol.com\/it\/prodotti\/serrande\/","title":{"rendered":"Serrande"},"content":{"rendered":"<p><div class=\"fusion-fullwidth fullwidth-box fusion-builder-row-1 fusion-flex-container has-pattern-background has-mask-background nonhundred-percent-fullwidth non-hundred-percent-height-scrolling\" style=\"--awb-border-radius-top-left:0px;--awb-border-radius-top-right:0px;--awb-border-radius-bottom-right:0px;--awb-border-radius-bottom-left:0px;--awb-margin-top:-30px;--awb-flex-wrap:wrap;\" ><div class=\"fusion-builder-row fusion-row fusion-flex-align-items-flex-start fusion-flex-content-wrap\" style=\"max-width:1331.2px;margin-left: calc(-4% \/ 2 );margin-right: calc(-4% \/ 2 );\"><div class=\"fusion-layout-column fusion_builder_column fusion-builder-column-0 fusion_builder_column_1_1 1_1 fusion-flex-column\" style=\"--awb-bg-size:cover;--awb-width-large:100%;--awb-margin-top-large:10px;--awb-spacing-right-large:1.92%;--awb-margin-bottom-large:10px;--awb-spacing-left-large:1.92%;--awb-width-medium:100%;--awb-order-medium:0;--awb-spacing-right-medium:1.92%;--awb-spacing-left-medium:1.92%;--awb-width-small:100%;--awb-order-small:0;--awb-spacing-right-small:1.92%;--awb-spacing-left-small:1.92%;\"><div class=\"fusion-column-wrapper fusion-column-has-shadow fusion-flex-justify-content-flex-start fusion-content-layout-column\"><div class=\"fusion-title title fusion-title-1 fusion-sep-none fusion-title-text fusion-title-size-two\" style=\"--awb-margin-top-small:10px;--awb-margin-right-small:0px;--awb-margin-bottom-small:20px;--awb-margin-left-small:0px;\"><h2 class=\"fusion-title-heading title-heading-left fusion-responsive-typography-calculated\" style=\"margin:0;text-transform:capitalize;--fontSize:34;line-height:var(--awb-typography1-line-height);\"><p style=\"text-align: center;\">Serrande<\/p><\/h2><\/div><div class=\"fusion-separator\" style=\"align-self: center;margin-left: auto;margin-right: auto;margin-top:-15px;margin-bottom:10px;width:100%;max-width:60px;\"><div class=\"fusion-separator-border sep-single sep-solid\" style=\"--awb-height:20px;--awb-amount:20px;--awb-sep-color:#c4161c;border-color:#c4161c;border-top-width:5px;\"><\/div><\/div><div class=\"fusion-separator fusion-full-width-sep\" style=\"align-self: center;margin-left: auto;margin-right: auto;width:100%;\"><\/div><\/div><\/div><\/div><\/div><div class=\"fusion-fullwidth fullwidth-box fusion-builder-row-2 fusion-flex-container has-pattern-background has-mask-background nonhundred-percent-fullwidth non-hundred-percent-height-scrolling\" style=\"--awb-border-radius-top-left:0px;--awb-border-radius-top-right:0px;--awb-border-radius-bottom-right:0px;--awb-border-radius-bottom-left:0px;--awb-flex-wrap:wrap;\" ><div class=\"fusion-builder-row fusion-row fusion-flex-align-items-flex-start fusion-flex-content-wrap\" style=\"max-width:1331.2px;margin-left: calc(-4% \/ 2 );margin-right: calc(-4% \/ 2 );\"><div class=\"fusion-layout-column fusion_builder_column fusion-builder-column-1 fusion_builder_column_1_2 1_2 fusion-flex-column\" style=\"--awb-bg-size:cover;--awb-width-large:50%;--awb-margin-top-large:10px;--awb-spacing-right-large:3.84%;--awb-margin-bottom-large:10px;--awb-spacing-left-large:3.84%;--awb-width-medium:100%;--awb-order-medium:0;--awb-spacing-right-medium:1.92%;--awb-spacing-left-medium:1.92%;--awb-width-small:100%;--awb-order-small:0;--awb-spacing-right-small:1.92%;--awb-spacing-left-small:1.92%;\"><div class=\"fusion-column-wrapper fusion-column-has-shadow fusion-flex-justify-content-flex-start fusion-content-layout-column\"><div class=\"fusion-image-element \" style=\"text-align:center;--awb-caption-title-font-family:var(--h2_typography-font-family);--awb-caption-title-font-weight:var(--h2_typography-font-weight);--awb-caption-title-font-style:var(--h2_typography-font-style);--awb-caption-title-size:var(--h2_typography-font-size);--awb-caption-title-transform:var(--h2_typography-text-transform);--awb-caption-title-line-height:var(--h2_typography-line-height);--awb-caption-title-letter-spacing:var(--h2_typography-letter-spacing);\"><span class=\" fusion-imageframe imageframe-none imageframe-1 hover-type-none fusion-animated\" data-animationType=\"fadeInUp\" data-animationDuration=\"1.0\" data-animationOffset=\"top-into-view\"><a class=\"fusion-no-lightbox\" href=\"https:\/\/biorol.com\/products\/rolling-shutters\/residential-rolling-shutter\/\" target=\"_self\" aria-label=\"WEB CONTENT-RS2\"><img decoding=\"async\" width=\"600\" height=\"400\" src=\"https:\/\/biorol.com\/wp-content\/uploads\/2023\/07\/WEB-CONTENT-RS2.jpg\" data-orig-src=\"https:\/\/biorol.com\/wp-content\/uploads\/2023\/07\/WEB-CONTENT-RS2.jpg\" class=\"lazyload img-responsive wp-image-5399\" srcset=\"data:image\/svg+xml,%3Csvg%20xmlns%3D%27http%3A%2F%2Fwww.w3.org%2F2000%2Fsvg%27%20width%3D%27600%27%20height%3D%27400%27%20viewBox%3D%270%200%20600%20400%27%3E%3Crect%20width%3D%27600%27%20height%3D%27400%27%20fill-opacity%3D%220%22%2F%3E%3C%2Fsvg%3E\" data-srcset=\"https:\/\/biorol.com\/wp-content\/uploads\/2023\/07\/WEB-CONTENT-RS2-200x133.jpg 200w, https:\/\/biorol.com\/wp-content\/uploads\/2023\/07\/WEB-CONTENT-RS2-400x267.jpg 400w, https:\/\/biorol.com\/wp-content\/uploads\/2023\/07\/WEB-CONTENT-RS2.jpg 600w\" data-sizes=\"auto\" data-orig-sizes=\"(max-width: 1024px) 100vw, (max-width: 640px) 100vw, 600px\" data-orig- alt=\"\" title=\"\"><\/a><\/span><\/div><div class=\"fusion-title title fusion-title-2 fusion-sep-none fusion-title-center fusion-title-text fusion-title-size-two\" style=\"--awb-margin-top-small:10px;--awb-margin-right-small:0px;--awb-margin-bottom-small:20px;--awb-margin-left-small:0px;\"><h2 class=\"fusion-title-heading title-heading-center fusion-responsive-typography-calculated\" style=\"margin:0;text-transform:capitalize;--fontSize:34;line-height:var(--awb-typography1-line-height);\">Serrande Residenziali<\/h2><\/div><div class=\"fusion-text fusion-text-1\" style=\"--awb-margin-right:60PX;--awb-margin-left:60PX;\"><p>Le Serrande Residenziali di BIOROL S.A. sono ideali per garages, negozi, aree di deposito e per ogni area che necessiti una chiusura sicura.<\/p>\n<\/div><div style=\"text-align:center;\"><a class=\"fusion-button button-flat fusion-button-default-size button-default fusion-button-default button-1 fusion-button-span-no fusion-button-default-type\" style=\"--button-border-radius-top-left:10px;--button-border-radius-top-right:10px;--button-border-radius-bottom-right:10px;--button-border-radius-bottom-left:10px;\" target=\"_self\" href=\"https:\/\/biorol.com\/it\/products\/rolling-shutters\/residential-rolling-shutter\/\"><span class=\"fusion-button-text awb-button__text awb-button__text--default\">Scopri di pi\u00f9<\/span><\/a><\/div><\/div><\/div><div class=\"fusion-layout-column fusion_builder_column fusion-builder-column-2 fusion_builder_column_1_2 1_2 fusion-flex-column\" style=\"--awb-bg-size:cover;--awb-width-large:50%;--awb-margin-top-large:10px;--awb-spacing-right-large:3.84%;--awb-margin-bottom-large:10px;--awb-spacing-left-large:3.84%;--awb-width-medium:100%;--awb-order-medium:0;--awb-spacing-right-medium:1.92%;--awb-spacing-left-medium:1.92%;--awb-width-small:100%;--awb-order-small:0;--awb-spacing-right-small:1.92%;--awb-spacing-left-small:1.92%;\"><div class=\"fusion-column-wrapper fusion-column-has-shadow fusion-flex-justify-content-flex-start fusion-content-layout-column\"><div class=\"fusion-image-element \" style=\"text-align:center;--awb-caption-title-font-family:var(--h2_typography-font-family);--awb-caption-title-font-weight:var(--h2_typography-font-weight);--awb-caption-title-font-style:var(--h2_typography-font-style);--awb-caption-title-size:var(--h2_typography-font-size);--awb-caption-title-transform:var(--h2_typography-text-transform);--awb-caption-title-line-height:var(--h2_typography-line-height);--awb-caption-title-letter-spacing:var(--h2_typography-letter-spacing);\"><span class=\" fusion-imageframe imageframe-none imageframe-2 hover-type-none fusion-animated\" data-animationType=\"fadeInUp\" data-animationDuration=\"1.0\" data-animationOffset=\"top-into-view\"><a class=\"fusion-no-lightbox\" href=\"https:\/\/biorol.com\/products\/rolling-shutters\/industrial-rolling-shutter\/industrial-rolling-shutter\/\" target=\"_self\" aria-label=\"WEB CONTENT-RS3\"><img decoding=\"async\" width=\"600\" height=\"400\" src=\"https:\/\/biorol.com\/wp-content\/uploads\/2023\/07\/WEB-CONTENT-RS3-1.jpg\" data-orig-src=\"https:\/\/biorol.com\/wp-content\/uploads\/2023\/07\/WEB-CONTENT-RS3-1.jpg\" class=\"lazyload img-responsive wp-image-5409\" srcset=\"data:image\/svg+xml,%3Csvg%20xmlns%3D%27http%3A%2F%2Fwww.w3.org%2F2000%2Fsvg%27%20width%3D%27600%27%20height%3D%27400%27%20viewBox%3D%270%200%20600%20400%27%3E%3Crect%20width%3D%27600%27%20height%3D%27400%27%20fill-opacity%3D%220%22%2F%3E%3C%2Fsvg%3E\" data-srcset=\"https:\/\/biorol.com\/wp-content\/uploads\/2023\/07\/WEB-CONTENT-RS3-1-200x133.jpg 200w, https:\/\/biorol.com\/wp-content\/uploads\/2023\/07\/WEB-CONTENT-RS3-1-400x267.jpg 400w, https:\/\/biorol.com\/wp-content\/uploads\/2023\/07\/WEB-CONTENT-RS3-1.jpg 600w\" data-sizes=\"auto\" data-orig-sizes=\"(max-width: 1024px) 100vw, (max-width: 640px) 100vw, 600px\" data-orig- alt=\"\" title=\"\"><\/a><\/span><\/div><div class=\"fusion-title title fusion-title-3 fusion-sep-none fusion-title-center fusion-title-text fusion-title-size-two\" style=\"--awb-margin-top-small:10px;--awb-margin-right-small:0px;--awb-margin-bottom-small:20px;--awb-margin-left-small:0px;\"><h2 class=\"fusion-title-heading title-heading-center fusion-responsive-typography-calculated\" style=\"margin:0;text-transform:capitalize;--fontSize:34;line-height:var(--awb-typography1-line-height);\">Serrande Industriali<\/h2><\/div><div class=\"fusion-text fusion-text-2\" style=\"--awb-margin-right:60PX;--awb-margin-left:60PX;\"><p>Per la costruzione delle Serrande Industriali BIOROL S.A. utilizza solo materiali duraturi e di alta qualit\u00e0. Con un ampia di scelta tra finestre piccole e grandi, griglie di ventilazione e colori, il cliente avr\u00e0 la possibilit\u00e0 di creare un prodotto estremamente personalizzato che si adatti a tutte le sue esigenze.<\/p>\n<\/div><div style=\"text-align:center;\"><a class=\"fusion-button button-flat fusion-button-default-size button-default fusion-button-default button-2 fusion-button-span-no fusion-button-default-type\" style=\"--button-border-radius-top-left:10px;--button-border-radius-top-right:10px;--button-border-radius-bottom-right:10px;--button-border-radius-bottom-left:10px;\" target=\"_self\" href=\"https:\/\/biorol.com\/it\/prodotti\/serrande\/serrande-industriali\/\"><span class=\"fusion-button-text awb-button__text awb-button__text--default\">Scopri di pi\u00f9<\/span><\/a><\/div><\/div><\/div><\/div><\/div><\/p>\n","protected":false},"excerpt":{"rendered":"","protected":false},"author":4,"featured_media":0,"parent":6036,"menu_order":0,"comment_status":"closed","ping_status":"closed","template":"","meta":{"footnotes":""},"class_list":["post-6066","page","type-page","status-publish","hentry"],"_links":{"self":[{"href":"https:\/\/biorol.com\/it\/wp-json\/wp\/v2\/pages\/6066","targetHints":{"allow":["GET"]}}],"collection":[{"href":"https:\/\/biorol.com\/it\/wp-json\/wp\/v2\/pages"}],"about":[{"href":"https:\/\/biorol.com\/it\/wp-json\/wp\/v2\/types\/page"}],"author":[{"embeddable":true,"href":"https:\/\/biorol.com\/it\/wp-json\/wp\/v2\/users\/4"}],"replies":[{"embeddable":true,"href":"https:\/\/biorol.com\/it\/wp-json\/wp\/v2\/comments?post=6066"}],"version-history":[{"count":0,"href":"https:\/\/biorol.com\/it\/wp-json\/wp\/v2\/pages\/6066\/revisions"}],"up":[{"embeddable":true,"href":"https:\/\/biorol.com\/it\/wp-json\/wp\/v2\/pages\/6036"}],"wp:attachment":[{"href":"https:\/\/biorol.com\/it\/wp-json\/wp\/v2\/media?parent=6066"}],"curies":[{"name":"wp","href":"https:\/\/api.w.org\/{rel}","templated":true}]}}