{"id":6088,"date":"2023-07-06T15:28:59","date_gmt":"2023-07-06T12:28:59","guid":{"rendered":"http:\/\/beta.biorol.com\/products\/sectional-doors\/flexiprint\/"},"modified":"2025-05-15T16:15:26","modified_gmt":"2025-05-15T13:15:26","slug":"flexiprint","status":"publish","type":"page","link":"https:\/\/biorol.com\/it\/prodotti\/portoni-sezionali\/flexiprint\/","title":{"rendered":"FLEXIPRINT"},"content":{"rendered":"<p><div class=\"fusion-fullwidth fullwidth-box fusion-builder-row-1 fusion-flex-container has-pattern-background has-mask-background nonhundred-percent-fullwidth non-hundred-percent-height-scrolling\" style=\"--awb-border-radius-top-left:0px;--awb-border-radius-top-right:0px;--awb-border-radius-bottom-right:0px;--awb-border-radius-bottom-left:0px;--awb-flex-wrap:wrap;\" ><div class=\"fusion-builder-row fusion-row fusion-flex-align-items-flex-start fusion-flex-content-wrap\" style=\"max-width:1331.2px;margin-left: calc(-4% \/ 2 );margin-right: calc(-4% \/ 2 );\"><div class=\"fusion-layout-column fusion_builder_column fusion-builder-column-0 fusion_builder_column_1_1 1_1 fusion-flex-column\" style=\"--awb-bg-size:cover;--awb-width-large:100%;--awb-margin-top-large:-6%;--awb-spacing-right-large:1.92%;--awb-margin-bottom-large:10px;--awb-spacing-left-large:1.92%;--awb-width-medium:100%;--awb-order-medium:0;--awb-spacing-right-medium:1.92%;--awb-spacing-left-medium:1.92%;--awb-width-small:100%;--awb-order-small:0;--awb-spacing-right-small:1.92%;--awb-spacing-left-small:1.92%;\" data-scroll-devices=\"small-visibility,medium-visibility,large-visibility\"><div class=\"fusion-column-wrapper fusion-column-has-shadow fusion-flex-justify-content-flex-start fusion-content-layout-column\"><div class=\"fusion-title title fusion-title-1 fusion-sep-none fusion-title-center fusion-title-text fusion-title-size-one\" style=\"--awb-margin-top-small:10px;--awb-margin-right-small:0px;--awb-margin-bottom-small:20px;--awb-margin-left-small:0px;\"><h1 class=\"fusion-title-heading title-heading-center fusion-responsive-typography-calculated\" style=\"margin:0;text-transform:capitalize;--fontSize:50;line-height:var(--awb-typography1-line-height);\"><h2 class=\"special-heading\" style=\"text-align: center;\">Portoni Sezionali Stampati con<\/h2><\/h1><\/div><div class=\"fusion-image-element \" style=\"text-align:center;--awb-caption-title-font-family:var(--h2_typography-font-family);--awb-caption-title-font-weight:var(--h2_typography-font-weight);--awb-caption-title-font-style:var(--h2_typography-font-style);--awb-caption-title-size:var(--h2_typography-font-size);--awb-caption-title-transform:var(--h2_typography-text-transform);--awb-caption-title-line-height:var(--h2_typography-line-height);--awb-caption-title-letter-spacing:var(--h2_typography-letter-spacing);\"><span class=\" fusion-imageframe imageframe-none imageframe-1 hover-type-none\"><img decoding=\"async\" width=\"300\" height=\"58\" title=\"FLEXIPRINT-2023-black-w300-300&#215;58\" src=\"https:\/\/biorol.com\/wp-content\/uploads\/2023\/07\/FLEXIPRINT-2023-black-w300-300x58-1.png\" data-orig-src=\"https:\/\/biorol.com\/wp-content\/uploads\/2023\/07\/FLEXIPRINT-2023-black-w300-300x58-1.png\" class=\"lazyload img-responsive wp-image-3059\" srcset=\"data:image\/svg+xml,%3Csvg%20xmlns%3D%27http%3A%2F%2Fwww.w3.org%2F2000%2Fsvg%27%20width%3D%27300%27%20height%3D%2758%27%20viewBox%3D%270%200%20300%2058%27%3E%3Crect%20width%3D%27300%27%20height%3D%2758%27%20fill-opacity%3D%220%22%2F%3E%3C%2Fsvg%3E\" data-srcset=\"https:\/\/biorol.com\/wp-content\/uploads\/2023\/07\/FLEXIPRINT-2023-black-w300-300x58-1-200x39.png 200w, https:\/\/biorol.com\/wp-content\/uploads\/2023\/07\/FLEXIPRINT-2023-black-w300-300x58-1.png 300w\" data-sizes=\"auto\" data-orig-sizes=\"(max-width: 1024px) 100vw, (max-width: 640px) 100vw, 300px\" data-orig- alt=\"\"><\/span><\/div><div class=\"fusion-separator\" style=\"align-self: center;margin-left: auto;margin-right: auto;margin-top:3%;margin-bottom:3%;width:100%;max-width:60px;\"><div class=\"fusion-separator-border sep-single sep-solid\" style=\"--awb-height:20px;--awb-amount:20px;--awb-sep-color:var(--awb-color4);border-color:var(--awb-color4);border-top-width:5px;\"><\/div><\/div><div class=\"fusion-text fusion-text-1\"><p style=\"text-align: center;\">Trasforma il tuo portone sezionale con <strong>FLEXIPRINT<\/strong> di BIOROL! Grazie alle nostre splendide stampe, puoi personalizzare il tuo portone per adattarlo al tuo stile. Scegli tra oltre 30 texture e motivi, tra cui finiture in legno, design in pietra, metalli ossidati e molto altro. Con <strong>FLEXIPRINT<\/strong> \u00e8 facile dare un tocco unico al tuo portone e mostrare il tuo stile personale. Ottieni l\u2019aspetto che desideri in pochissimo tempo con i portoni sezionali stampati di BIOROL!<\/p>\n<\/div><\/div><\/div><div class=\"fusion-layout-column fusion_builder_column fusion-builder-column-1 fusion_builder_column_1_1 1_1 fusion-flex-column\" style=\"--awb-bg-size:cover;--awb-width-large:100%;--awb-margin-top-large:10px;--awb-spacing-right-large:1.92%;--awb-margin-bottom-large:10px;--awb-spacing-left-large:1.92%;--awb-width-medium:100%;--awb-order-medium:0;--awb-spacing-right-medium:1.92%;--awb-spacing-left-medium:1.92%;--awb-width-small:100%;--awb-order-small:0;--awb-spacing-right-small:1.92%;--awb-spacing-left-small:1.92%;\"><div class=\"fusion-column-wrapper fusion-column-has-shadow fusion-flex-justify-content-flex-start fusion-content-layout-column\"><div class=\"fusion-text fusion-text-2\" style=\"--awb-margin-top:0px;\"><h3 style=\"text-align: center;\">Guarda FLEXIPRINT in Azione<\/h3>\n<p style=\"text-align: center;\">Questo video offre una panoramica dettagliata del processo di produzione FLEXIPRINT, mostrando la precisione della stampa UV e l\u2019applicazione della nostra speciale vernice anti-graffiti. Inoltre, potrai vedere una dimostrazione dal vivo della resistenza di FLEXIPRINT mentre i graffiti vengono rimossi senza sforzo, confermando la sua protezione superiore contro atti vandalici e usura.<\/p>\n<\/div><div class=\"fusion-text fusion-text-3\"><div class=\"responsive-video-wrapper\"><iframe title=\"YouTube video player\" src=\"https:\/\/www.youtube.com\/embed\/trnT-CORYPY?autoplay=1&amp;mute=1&amp;rel=0\" frameborder=\"0\" allowfullscreen=\"allowfullscreen\" data-mce-fragment=\"1\"><\/iframe><\/div>\n<\/div><div class=\"fusion-text fusion-text-4\" style=\"--awb-margin-top:3%;\"><h3 style=\"text-align: center;\">Protezione Anti-Graffiti Senza Pari<\/h3>\n<p style=\"text-align: center;\">Uno dei principali vantaggi dei portoni sezionali FLEXIPRINT \u00e8 la loro eccezionale protezione anti-graffiti. Grazie a una speciale vernice applicata dopo la stampa, i graffiti possono essere facilmente rimossi, anche dopo 24 ore, senza lasciare macchie o danni sulla superficie. Questo rivestimento avanzato crea una barriera protettiva a lunga durata, resistente ai graffi, ai solventi e agli agenti esterni, garantendo che il tuo portone mantenga un aspetto impeccabile nel tempo.<\/p>\n<\/div><div class=\"fusion-image-before-after-wrapper fusion-image-before-after-horizontal type-before-after hover-type-together fusion-image-before-after-wrapper-1\" style=\"--awb-handle-color:#ffffff;--awb-font-size:14px;--awb-accent-color:#ffffff;--awb-bordersize:0px;--awb-handle-bg:rgba(19,21,22,0.4);--awb-accent-color-bg:rgba(255,255,255,0.15);--awb-transition-time:0.5s;\"><div class=\"fusion-image-before-after-element fusion-image-before-after fusion-image-before-after-container fusion-image-before-after-1\" data-offset=\"0.5\" data-orientation=\"horizontal\" data-move-with-handle-only=\"true\" data-click-to-move=\"true\"><img decoding=\"async\" alt=\"FLEXIPRINT - printed sectional doors with anti graffiti\" class=\"fusion-image-before-after-before lazyload\" src=\"data:image\/svg+xml,%3Csvg%20xmlns%3D%27http%3A%2F%2Fwww.w3.org%2F2000%2Fsvg%27%20width%3D%271920%27%20height%3D%271080%27%20viewBox%3D%270%200%201920%201080%27%3E%3Crect%20width%3D%271920%27%20height%3D%271080%27%20fill-opacity%3D%220%22%2F%3E%3C%2Fsvg%3E\" width=\"1920\" height=\"1080\" data-orig-src=\"https:\/\/biorol.com\/wp-content\/uploads\/2025\/03\/RAW-MATERIAL-011321.00_02_44_03.Standbild007web.jpg\" title=\"\"><img decoding=\"async\" alt=\"FLEXIPRINT - printed sectional doors with anti graffiti\" class=\"fusion-image-before-after-after lazyload\" src=\"data:image\/svg+xml,%3Csvg%20xmlns%3D%27http%3A%2F%2Fwww.w3.org%2F2000%2Fsvg%27%20width%3D%271920%27%20height%3D%271080%27%20viewBox%3D%270%200%201920%201080%27%3E%3Crect%20width%3D%271920%27%20height%3D%271080%27%20fill-opacity%3D%220%22%2F%3E%3C%2Fsvg%3E\" width=\"1920\" height=\"1080\" data-orig-src=\"https:\/\/biorol.com\/wp-content\/uploads\/2025\/03\/RAW-MATERIAL-011321.00_04_01_10.Standbild011web.jpg\" title=\"\"><div class=\"fusion-image-before-after-overlay before-after-overlay-image-centered\"><div class=\"fusion-image-before-after-before-label\" data-content=\"AFTER\"><\/div><div class=\"fusion-image-before-after-after-label\" data-content=\"BEFORE\"><\/div><\/div><div class=\"fusion-image-before-after-handle fusion-image-before-after-handle-square\"><span class=\"fusion-image-before-after-left-arrow\"><\/span><span class=\"fusion-image-before-after-right-arrow\"><\/span><\/div><\/div><\/div><\/div><\/div><\/div><\/div><div class=\"fusion-fullwidth fullwidth-box fusion-builder-row-2 fusion-flex-container has-pattern-background has-mask-background nonhundred-percent-fullwidth non-hundred-percent-height-scrolling\" style=\"--awb-border-radius-top-left:0px;--awb-border-radius-top-right:0px;--awb-border-radius-bottom-right:0px;--awb-border-radius-bottom-left:0px;--awb-flex-wrap:wrap;\" ><div class=\"fusion-builder-row fusion-row fusion-flex-align-items-flex-start fusion-flex-content-wrap\" style=\"max-width:1331.2px;margin-left: calc(-4% \/ 2 );margin-right: calc(-4% \/ 2 );\"><div class=\"fusion-layout-column fusion_builder_column fusion-builder-column-2 fusion_builder_column_1_1 1_1 fusion-flex-column\" style=\"--awb-bg-size:cover;--awb-width-large:100%;--awb-margin-top-large:6%;--awb-spacing-right-large:1.92%;--awb-margin-bottom-large:10px;--awb-spacing-left-large:1.92%;--awb-width-medium:100%;--awb-order-medium:0;--awb-spacing-right-medium:1.92%;--awb-spacing-left-medium:1.92%;--awb-width-small:100%;--awb-order-small:0;--awb-spacing-right-small:1.92%;--awb-spacing-left-small:1.92%;\" data-scroll-devices=\"small-visibility,medium-visibility,large-visibility\"><div class=\"fusion-column-wrapper fusion-column-has-shadow fusion-flex-justify-content-flex-start fusion-content-layout-column\"><div class=\"fusion-text fusion-text-5\"><h4 style=\"text-align: left;\">Stampa UV Avanzata per Qualit\u00e0 Superiore<\/h4>\n<p style=\"text-align: left;\">I portoni <strong>FLEXIPRINT<\/strong> sono realizzati con tecnologia di stampa UV all\u2019avanguardia, che offre stampe ad alta risoluzione con dettagli straordinari. Gli inchiostri polimerizzati ai raggi UV sono progettati specificamente per uso esterno, garantendo resistenza alla luce solare, allo sbiadimento e alle condizioni atmosferiche pi\u00f9 estreme. Questo rende <strong>FLEXIPRINT<\/strong> la scelta ideale per chi desidera un portone sezionale resistente e dal design raffinato, che conserva colori brillanti nel tempo.<\/p>\n<h4 style=\"text-align: left;\">Resistenza e Design<\/h4>\n<p style=\"text-align: left;\">Oltre ai vantaggi funzionali, <strong>FLEXIPRINT<\/strong> offre una vasta gamma di texture e motivi, dalle calde tonalit\u00e0 del legno alle moderne finiture in metallo industriale fino agli eleganti effetti marmo. Il portone sezionale mostrato nel video \u00e8 stampato con la texture <strong>MARBLE, LIGHT \u2013 01<\/strong>, dimostrando il design sofisticato e di alta qualit\u00e0 ottenibile con <strong>FLEXIPRINT<\/strong>.<\/p>\n<h4 style=\"text-align: left;\">Pulizia e Manutenzione Semplice<\/h4>\n<p style=\"text-align: left;\">Mantenere un portone sezionale <strong>FLEXIPRINT<\/strong> \u00e8 facile e veloce. La vernice protettiva permette di rimuovere facilmente sporco, graffiti o macchie con solventi comuni senza danneggiare la superficie stampata. Questa eccezionale resistenza riduce i costi di manutenzione e prolunga la durata del portone, rappresentando un investimento intelligente sia per privati che per aziende.<\/p>\n<h4 style=\"text-align: left;\">Prodotto in Grecia \u2013 Qualit\u00e0 e Innovazione<\/h4>\n<p style=\"text-align: left;\"><strong>FLEXIPRINT<\/strong> \u00e8 un prodotto premium di BIOROL, un&#8217;azienda leader nel settore, rinomata per la produzione di portoni sezionali stampati innovativi e di alta qualit\u00e0. Orgogliosamente realizzati in Grecia, questi portoni sono progettati per soddisfare i pi\u00f9 elevati standard di durabilit\u00e0, prestazioni ed eccellenza estetica. Che si tratti di garage residenziali, strutture industriali o propriet\u00e0 commerciali, offrono la perfetta fusione tra estetica e funzionalit\u00e0.<\/p>\n<\/div><\/div><\/div><\/div><\/div><div id=\"FLEXIPRINTitaliano\" class=\"fusion-container-anchor\"><div class=\"fusion-fullwidth fullwidth-box fusion-builder-row-3 fusion-flex-container has-pattern-background has-mask-background nonhundred-percent-fullwidth non-hundred-percent-height-scrolling\" style=\"--awb-border-radius-top-left:0px;--awb-border-radius-top-right:0px;--awb-border-radius-bottom-right:0px;--awb-border-radius-bottom-left:0px;--awb-flex-wrap:wrap;\" ><div class=\"fusion-builder-row fusion-row fusion-flex-align-items-flex-start fusion-flex-content-wrap\" style=\"max-width:1331.2px;margin-left: calc(-4% \/ 2 );margin-right: calc(-4% \/ 2 );\"><div class=\"fusion-layout-column fusion_builder_column fusion-builder-column-3 fusion_builder_column_1_1 1_1 fusion-flex-column\" style=\"--awb-bg-size:cover;--awb-width-large:100%;--awb-margin-top-large:10px;--awb-spacing-right-large:1.92%;--awb-margin-bottom-large:10px;--awb-spacing-left-large:1.92%;--awb-width-medium:100%;--awb-order-medium:0;--awb-spacing-right-medium:1.92%;--awb-spacing-left-medium:1.92%;--awb-width-small:100%;--awb-order-small:0;--awb-spacing-right-small:1.92%;--awb-spacing-left-small:1.92%;\"><div class=\"fusion-column-wrapper fusion-column-has-shadow fusion-flex-justify-content-flex-start fusion-content-layout-column\"><div class=\"fusion-title title fusion-title-2 fusion-sep-none fusion-title-center fusion-title-text fusion-title-size-two\" style=\"--awb-margin-top-small:10px;--awb-margin-right-small:0px;--awb-margin-bottom-small:20px;--awb-margin-left-small:0px;\"><h2 class=\"fusion-title-heading title-heading-center fusion-responsive-typography-calculated\" style=\"margin:0;text-transform:capitalize;--fontSize:34;line-height:var(--awb-typography1-line-height);\"><h3>FLEXIPRINT &#8211; Texture Catalog<br \/>\ndownload here!<\/h3><\/h2><\/div><div class=\"fusion-text fusion-text-6\"><div class=\"_df_book df-lite\" id=\"df_3069\"  _slug=\"flexiprint\" data-title=\"flexiprint\" wpoptions=\"true\" thumbtype=\"\" ><\/div><script class=\"df-shortcode-script\" nowprocket type=\"application\/javascript\">window.option_df_3069 = {\"outline\":[],\"autoEnableOutline\":\"false\",\"autoEnableThumbnail\":\"false\",\"overwritePDFOutline\":\"false\",\"direction\":\"1\",\"pageSize\":\"0\",\"source\":\"https:\\\/\\\/biorol.com\\\/wp-content\\\/uploads\\\/2025\\\/12\\\/BIOROL-DOOR-PRINTS-BROCHURE-2025-EN-vers.01.10.25-web.pdf\",\"wpOptions\":\"true\"}; if(window.DFLIP && window.DFLIP.parseBooks){window.DFLIP.parseBooks();}<\/script>\n<\/div><\/div><\/div><\/div><\/div><\/div><\/p>\n","protected":false},"excerpt":{"rendered":"","protected":false},"author":4,"featured_media":0,"parent":6078,"menu_order":0,"comment_status":"closed","ping_status":"closed","template":"","meta":{"footnotes":""},"class_list":["post-6088","page","type-page","status-publish","hentry"],"_links":{"self":[{"href":"https:\/\/biorol.com\/it\/wp-json\/wp\/v2\/pages\/6088","targetHints":{"allow":["GET"]}}],"collection":[{"href":"https:\/\/biorol.com\/it\/wp-json\/wp\/v2\/pages"}],"about":[{"href":"https:\/\/biorol.com\/it\/wp-json\/wp\/v2\/types\/page"}],"author":[{"embeddable":true,"href":"https:\/\/biorol.com\/it\/wp-json\/wp\/v2\/users\/4"}],"replies":[{"embeddable":true,"href":"https:\/\/biorol.com\/it\/wp-json\/wp\/v2\/comments?post=6088"}],"version-history":[{"count":0,"href":"https:\/\/biorol.com\/it\/wp-json\/wp\/v2\/pages\/6088\/revisions"}],"up":[{"embeddable":true,"href":"https:\/\/biorol.com\/it\/wp-json\/wp\/v2\/pages\/6078"}],"wp:attachment":[{"href":"https:\/\/biorol.com\/it\/wp-json\/wp\/v2\/media?parent=6088"}],"curies":[{"name":"wp","href":"https:\/\/api.w.org\/{rel}","templated":true}]}}